{"id":35,"date":"2025-08-04T10:56:04","date_gmt":"2025-08-04T08:56:04","guid":{"rendered":"http:\/\/carinebossuyt.be\/?page_id=35"},"modified":"2026-02-17T15:31:22","modified_gmt":"2026-02-17T13:31:22","slug":"accueil-psychotherapeute-rixensart-burn-out-icv-trauma-gestalt-groupe-de-parole","status":"publish","type":"page","link":"https:\/\/carinebossuyt.be\/","title":{"rendered":"Accueil"},"content":{"rendered":"\t\t<div data-elementor-type=\"wp-page\" data-elementor-id=\"35\" class=\"elementor elementor-35\" data-elementor-post-type=\"page\">\n\t\t\t\t<div class=\"elementor-element elementor-element-a2e34cf e-flex e-con-boxed e-con e-parent\" data-id=\"a2e34cf\" data-element_type=\"container\" data-e-type=\"container\">\n\t\t\t\t\t<div class=\"e-con-inner\">\n\t\t\t\t<div class=\"elementor-element elementor-element-f41a422 elementor-widget elementor-widget-heading\" data-id=\"f41a422\" data-element_type=\"widget\" data-e-type=\"widget\" data-widget_type=\"heading.default\">\n\t\t\t\t\t<h2 class=\"elementor-heading-title elementor-size-default\">Bienvenue<\/h2>\t\t\t\t<\/div>\n\t\t\t\t<div class=\"elementor-element elementor-element-6b504cc elementor-widget elementor-widget-heading\" data-id=\"6b504cc\" data-element_type=\"widget\" data-e-type=\"widget\" data-widget_type=\"heading.default\">\n\t\t\t\t\t<h2 class=\"elementor-heading-title elementor-size-default\">Ajoutez votre titre ici<\/h2>\t\t\t\t<\/div>\n\t\t\t\t\t<\/div>\n\t\t\t\t<\/div>\n\t\t<div class=\"elementor-element elementor-element-3b6af7f e-flex e-con-boxed e-con e-parent\" data-id=\"3b6af7f\" data-element_type=\"container\" data-e-type=\"container\">\n\t\t\t\t\t<div class=\"e-con-inner\">\n\t\t<div class=\"elementor-element elementor-element-15142a0 e-con-full e-flex e-con e-child\" data-id=\"15142a0\" data-element_type=\"container\" data-e-type=\"container\">\n\t\t\t\t<div class=\"elementor-element elementor-element-5b9415e elementor-widget elementor-widget-image\" data-id=\"5b9415e\" data-element_type=\"widget\" data-e-type=\"widget\" data-widget_type=\"image.default\">\n\t\t\t\t\t\t\t\t\t\t\t\t\t\t\t<img fetchpriority=\"high\" decoding=\"async\" width=\"683\" height=\"1024\" src=\"https:\/\/carinebossuyt.be\/wp-content\/uploads\/2025\/07\/DSC05034-683x1024.jpg\" class=\"attachment-large size-large wp-image-22\" alt=\"psychoth\u00e9rapeute gestalt burn-out ICV rixensart\" srcset=\"https:\/\/carinebossuyt.be\/wp-content\/uploads\/2025\/07\/DSC05034-683x1024.jpg 683w, https:\/\/carinebossuyt.be\/wp-content\/uploads\/2025\/07\/DSC05034-200x300.jpg 200w, https:\/\/carinebossuyt.be\/wp-content\/uploads\/2025\/07\/DSC05034-768x1152.jpg 768w, https:\/\/carinebossuyt.be\/wp-content\/uploads\/2025\/07\/DSC05034-1024x1536.jpg 1024w, https:\/\/carinebossuyt.be\/wp-content\/uploads\/2025\/07\/DSC05034-1365x2048.jpg 1365w, https:\/\/carinebossuyt.be\/wp-content\/uploads\/2025\/07\/DSC05034-scaled.jpg 1707w\" sizes=\"(max-width: 683px) 100vw, 683px\" \/>\t\t\t\t\t\t\t\t\t\t\t\t\t\t\t<\/div>\n\t\t\t\t<\/div>\n\t\t<div class=\"elementor-element elementor-element-641c807 e-con-full e-flex e-con e-child\" data-id=\"641c807\" data-element_type=\"container\" data-e-type=\"container\">\n\t\t\t\t<div class=\"elementor-element elementor-element-88449f7 elementor-widget elementor-widget-text-editor\" data-id=\"88449f7\" data-element_type=\"widget\" data-e-type=\"widget\" data-widget_type=\"text-editor.default\">\n\t\t\t\t\t\t\t\t\t<p>Vous \u00eates \u00e0 la recherche d&rsquo;un accompagnement psychoth\u00e9rapeutique?\u00a0 Vous traversez une p\u00e9riode de burn-out, de doutes, de difficult\u00e9s existentielles ou relationnelles? Vous voulez comprendre qui vous \u00eates et ce qui vous a construit(e)? Vous voulez d\u00e9passer et int\u00e9grer un ou des traumas \u00e9motionnels r\u00e9cents ou anciens?<\/p><p>En ces quelques pages, vous trouverez un aper\u00e7u de mon accueil.<\/p><p>Je suis une psychoth\u00e9rapeute profond\u00e9ment humaniste int\u00e9ress\u00e9e par l\u2019\u00eatre humain dans toutes ses richesses et son individualit\u00e9.<br \/>Je vous accompagne au moment o\u00f9 l\u2019inconnu vous d\u00e9soriente, en p\u00e9riode de transition, de changement, de rupture.<br \/>Ma d\u00e9marche se caract\u00e9rise par le respect de votre rythme. Je veux laisser du temps et de l\u2019espace \u00e0 l\u2019expression de votre d\u00e9sarroi, \u00eatre attentive aux messages de votre corps, vous soutenir dans les moments o\u00f9 se r\u00e9v\u00e8le une identit\u00e9 d\u00e9boussol\u00e9e et vous donner l\u2019impulsion n\u00e9cessaire pour oser aller vers du neuf.<\/p><p>Si ces mots \u00e9veillent en vous de la curiosit\u00e9 et de l&rsquo;int\u00e9r\u00eat, je vous invite \u00e0 explorer ce site.\u00a0<\/p>\t\t\t\t\t\t\t\t<\/div>\n\t\t\t\t<\/div>\n\t\t\t\t\t<\/div>\n\t\t\t\t<\/div>\n\t\t<div class=\"elementor-element elementor-element-712a2b5 e-flex e-con-boxed e-con e-parent\" data-id=\"712a2b5\" data-element_type=\"container\" data-e-type=\"container\">\n\t\t\t\t\t<div class=\"e-con-inner\">\n\t\t<div class=\"elementor-element elementor-element-216f50c e-con-full e-flex e-con e-child\" data-id=\"216f50c\" data-element_type=\"container\" data-e-type=\"container\">\n\t\t\t\t<div class=\"elementor-element elementor-element-acaf068 elementor-widget elementor-widget-text-editor\" data-id=\"acaf068\" data-element_type=\"widget\" data-e-type=\"widget\" data-widget_type=\"text-editor.default\">\n\t\t\t\t\t\t\t\t\t<p><strong>Carine Bossuyt<\/strong><\/p><p>Psychoth\u00e9rapeute<\/p><p>Gestalt-th\u00e9rapeute<\/p><p>Facilitatrice de processus en groupe<\/p><p>1330 Rixensart, Belgique<\/p><p>T\u00e9l : 0032 484 990 239<\/p><h6>BCE: 0825 409 325<\/h6>\t\t\t\t\t\t\t\t<\/div>\n\t\t\t\t<div class=\"elementor-element elementor-element-91bdcab e-grid-align-left elementor-shape-rounded elementor-grid-0 elementor-widget elementor-widget-social-icons\" data-id=\"91bdcab\" data-element_type=\"widget\" data-e-type=\"widget\" data-widget_type=\"social-icons.default\">\n\t\t\t\t\t\t\t<div class=\"elementor-social-icons-wrapper elementor-grid\">\n\t\t\t\t\t\t\t<span class=\"elementor-grid-item\">\n\t\t\t\t\t<a class=\"elementor-icon elementor-social-icon elementor-social-icon-linkedin elementor-repeater-item-7ea20ae\" href=\"https:\/\/www.linkedin.com\/in\/carine-b-81320625\/\" target=\"_blank\">\n\t\t\t\t\t\t<span class=\"elementor-screen-only\">Linkedin<\/span>\n\t\t\t\t\t\t<svg aria-hidden=\"true\" class=\"e-font-icon-svg e-fab-linkedin\" viewBox=\"0 0 448 512\" xmlns=\"http:\/\/www.w3.org\/2000\/svg\"><path d=\"M416 32H31.9C14.3 32 0 46.5 0 64.3v383.4C0 465.5 14.3 480 31.9 480H416c17.6 0 32-14.5 32-32.3V64.3c0-17.8-14.4-32.3-32-32.3zM135.4 416H69V202.2h66.5V416zm-33.2-243c-21.3 0-38.5-17.3-38.5-38.5S80.9 96 102.2 96c21.2 0 38.5 17.3 38.5 38.5 0 21.3-17.2 38.5-38.5 38.5zm282.1 243h-66.4V312c0-24.8-.5-56.7-34.5-56.7-34.6 0-39.9 27-39.9 54.9V416h-66.4V202.2h63.7v29.2h.9c8.9-16.8 30.6-34.5 62.9-34.5 67.2 0 79.7 44.3 79.7 101.9V416z\"><\/path><\/svg>\t\t\t\t\t<\/a>\n\t\t\t\t<\/span>\n\t\t\t\t\t<\/div>\n\t\t\t\t\t\t<\/div>\n\t\t\t\t<\/div>\n\t\t<div class=\"elementor-element elementor-element-6cd32a7 e-con-full e-flex e-con e-child\" data-id=\"6cd32a7\" data-element_type=\"container\" data-e-type=\"container\">\n\t\t\t\t<div class=\"elementor-element elementor-element-4b6446a elementor-widget elementor-widget-text-editor\" data-id=\"4b6446a\" data-element_type=\"widget\" data-e-type=\"widget\" data-widget_type=\"text-editor.default\">\n\t\t\t\t\t\t\t\t\t<p>Liens rapides :<\/p><p><a href=\"https:\/\/carinebossuyt.be\/index.php\/pour-quoi\/\" target=\"_blank\" rel=\"noopener\">Accompagnement du burn-out<\/a><\/p><p><a href=\"https:\/\/carinebossuyt.be\/index.php\/seances-individuelles-a-deux-ou-en-groupe\/\">Groupe de parole burn-out<\/a><\/p><p><a href=\"https:\/\/carinebossuyt.be\/index.php\/pour-quoi\/\">Accompagnement du trauma<\/a><\/p><p><a href=\"https:\/\/carinebossuyt.be\/index.php\/comment\/\">Gestalt-Th\u00e9rapie<\/a><\/p><p><a href=\"https:\/\/carinebossuyt.be\/index.php\/comment\/\">Int\u00e9gration du Cycle de la Vie (ICV-LI)<\/a><\/p><p><a href=\"https:\/\/carinebossuyt.be\/index.php\/comment\/\">M\u00e9thode ARC (Action-Repr\u00e9sentation-Changement)<\/a><\/p>\t\t\t\t\t\t\t\t<\/div>\n\t\t\t\t<\/div>\n\t\t\t\t\t<\/div>\n\t\t\t\t<\/div>\n\t\t<div class=\"elementor-element elementor-element-04553d3 e-flex e-con-boxed e-con e-parent\" data-id=\"04553d3\" data-element_type=\"container\" data-e-type=\"container\">\n\t\t\t\t\t<div class=\"e-con-inner\">\n\t\t\t\t\t<\/div>\n\t\t\t\t<\/div>\n\t\t<div class=\"elementor-element elementor-element-7a064e7 e-flex e-con-boxed e-con e-parent\" data-id=\"7a064e7\" data-element_type=\"container\" data-e-type=\"container\">\n\t\t\t\t\t<div class=\"e-con-inner\">\n\t\t\t\t\t<\/div>\n\t\t\t\t<\/div>\n\t\t\t\t<\/div>\n\t\t","protected":false},"excerpt":{"rendered":"<p>Bienvenue Ajoutez votre titre ici Vous \u00eates \u00e0 la recherche d&rsquo;un accompagnement psychoth\u00e9rapeutique?\u00a0 Vous traversez une p\u00e9riode de burn-out, de doutes, de difficult\u00e9s existentielles ou relationnelles? Vous voulez comprendre qui vous \u00eates et ce qui vous a construit(e)? Vous voulez d\u00e9passer et int\u00e9grer un ou des traumas \u00e9motionnels r\u00e9cents ou anciens? En ces quelques pages, [&hellip;]<\/p>\n","protected":false},"author":1,"featured_media":0,"parent":0,"menu_order":0,"comment_status":"closed","ping_status":"closed","template":"","meta":{"footnotes":""},"class_list":["post-35","page","type-page","status-publish","hentry"],"yoast_head":"<!-- This site is optimized with the Yoast SEO plugin v27.4 - https:\/\/yoast.com\/product\/yoast-seo-wordpress\/ -->\n<title>Psychoth\u00e9rapeute \u00e0 Rixensart, sp\u00e9cialis\u00e9e en burn-out et trauma<\/title>\n<meta name=\"description\" content=\"Psychoth\u00e9rapeute Gestalt sp\u00e9cialis\u00e9e dans l&#039;accompagnement du burn-out, groupe de parole, icv, trauma, situ\u00e9e \u00e0 Rixensart et Genval\" \/>\n<meta name=\"robots\" content=\"index, follow, max-snippet:-1, max-image-preview:large, max-video-preview:-1\" \/>\n<link rel=\"canonical\" href=\"https:\/\/carinebossuyt.be\/\" \/>\n<meta property=\"og:locale\" content=\"fr_FR\" \/>\n<meta property=\"og:type\" content=\"article\" \/>\n<meta property=\"og:title\" content=\"Psychoth\u00e9rapeute \u00e0 Rixensart, sp\u00e9cialis\u00e9e en burn-out et trauma\" \/>\n<meta property=\"og:description\" content=\"Psychoth\u00e9rapeute Gestalt sp\u00e9cialis\u00e9e dans l&#039;accompagnement du burn-out, groupe de parole, icv, trauma, situ\u00e9e \u00e0 Rixensart et Genval\" \/>\n<meta property=\"og:url\" content=\"https:\/\/carinebossuyt.be\/\" \/>\n<meta property=\"og:site_name\" content=\"CarineBossuyt\" \/>\n<meta property=\"article:modified_time\" content=\"2026-02-17T13:31:22+00:00\" \/>\n<meta property=\"og:image\" content=\"https:\/\/carinebossuyt.be\/wp-content\/uploads\/2025\/07\/DSC05034-scaled.jpg\" \/>\n\t<meta property=\"og:image:width\" content=\"1707\" \/>\n\t<meta property=\"og:image:height\" content=\"2560\" \/>\n\t<meta property=\"og:image:type\" content=\"image\/jpeg\" \/>\n<meta name=\"twitter:card\" content=\"summary_large_image\" \/>\n<meta name=\"twitter:label1\" content=\"Dur\u00e9e de lecture estim\u00e9e\" \/>\n\t<meta name=\"twitter:data1\" content=\"2 minutes\" \/>\n<script type=\"application\/ld+json\" class=\"yoast-schema-graph\">{\"@context\":\"https:\\\/\\\/schema.org\",\"@graph\":[{\"@type\":\"WebPage\",\"@id\":\"https:\\\/\\\/carinebossuyt.be\\\/\",\"url\":\"https:\\\/\\\/carinebossuyt.be\\\/\",\"name\":\"Psychoth\u00e9rapeute \u00e0 Rixensart, sp\u00e9cialis\u00e9e en burn-out et trauma\",\"isPartOf\":{\"@id\":\"https:\\\/\\\/carinebossuyt.be\\\/#website\"},\"primaryImageOfPage\":{\"@id\":\"https:\\\/\\\/carinebossuyt.be\\\/#primaryimage\"},\"image\":{\"@id\":\"https:\\\/\\\/carinebossuyt.be\\\/#primaryimage\"},\"thumbnailUrl\":\"https:\\\/\\\/carinebossuyt.be\\\/wp-content\\\/uploads\\\/2025\\\/07\\\/DSC05034-683x1024.jpg\",\"datePublished\":\"2025-08-04T08:56:04+00:00\",\"dateModified\":\"2026-02-17T13:31:22+00:00\",\"description\":\"Psychoth\u00e9rapeute Gestalt sp\u00e9cialis\u00e9e dans l'accompagnement du burn-out, groupe de parole, icv, trauma, situ\u00e9e \u00e0 Rixensart et Genval\",\"breadcrumb\":{\"@id\":\"https:\\\/\\\/carinebossuyt.be\\\/#breadcrumb\"},\"inLanguage\":\"fr-FR\",\"potentialAction\":[{\"@type\":\"ReadAction\",\"target\":[\"https:\\\/\\\/carinebossuyt.be\\\/\"]}]},{\"@type\":\"ImageObject\",\"inLanguage\":\"fr-FR\",\"@id\":\"https:\\\/\\\/carinebossuyt.be\\\/#primaryimage\",\"url\":\"https:\\\/\\\/carinebossuyt.be\\\/wp-content\\\/uploads\\\/2025\\\/07\\\/DSC05034-scaled.jpg\",\"contentUrl\":\"https:\\\/\\\/carinebossuyt.be\\\/wp-content\\\/uploads\\\/2025\\\/07\\\/DSC05034-scaled.jpg\",\"width\":1707,\"height\":2560,\"caption\":\"psychoth\u00e9rapeute gestalt burn-out ICV rixensart\"},{\"@type\":\"BreadcrumbList\",\"@id\":\"https:\\\/\\\/carinebossuyt.be\\\/#breadcrumb\",\"itemListElement\":[{\"@type\":\"ListItem\",\"position\":1,\"name\":\"Accueil\",\"item\":\"https:\\\/\\\/carinebossuyt.be\\\/\"},{\"@type\":\"ListItem\",\"position\":2,\"name\":\"Accueil\"}]},{\"@type\":\"WebSite\",\"@id\":\"https:\\\/\\\/carinebossuyt.be\\\/#website\",\"url\":\"https:\\\/\\\/carinebossuyt.be\\\/\",\"name\":\"CarineBossuyt\",\"description\":\"\",\"potentialAction\":[{\"@type\":\"SearchAction\",\"target\":{\"@type\":\"EntryPoint\",\"urlTemplate\":\"https:\\\/\\\/carinebossuyt.be\\\/?s={search_term_string}\"},\"query-input\":{\"@type\":\"PropertyValueSpecification\",\"valueRequired\":true,\"valueName\":\"search_term_string\"}}],\"inLanguage\":\"fr-FR\"}]}<\/script>\n<!-- \/ Yoast SEO plugin. -->","yoast_head_json":{"title":"Psychoth\u00e9rapeute \u00e0 Rixensart, sp\u00e9cialis\u00e9e en burn-out et trauma","description":"Psychoth\u00e9rapeute Gestalt sp\u00e9cialis\u00e9e dans l'accompagnement du burn-out, groupe de parole, icv, trauma, situ\u00e9e \u00e0 Rixensart et Genval","robots":{"index":"index","follow":"follow","max-snippet":"max-snippet:-1","max-image-preview":"max-image-preview:large","max-video-preview":"max-video-preview:-1"},"canonical":"https:\/\/carinebossuyt.be\/","og_locale":"fr_FR","og_type":"article","og_title":"Psychoth\u00e9rapeute \u00e0 Rixensart, sp\u00e9cialis\u00e9e en burn-out et trauma","og_description":"Psychoth\u00e9rapeute Gestalt sp\u00e9cialis\u00e9e dans l'accompagnement du burn-out, groupe de parole, icv, trauma, situ\u00e9e \u00e0 Rixensart et Genval","og_url":"https:\/\/carinebossuyt.be\/","og_site_name":"CarineBossuyt","article_modified_time":"2026-02-17T13:31:22+00:00","og_image":[{"width":1707,"height":2560,"url":"https:\/\/carinebossuyt.be\/wp-content\/uploads\/2025\/07\/DSC05034-scaled.jpg","type":"image\/jpeg"}],"twitter_card":"summary_large_image","twitter_misc":{"Dur\u00e9e de lecture estim\u00e9e":"2 minutes"},"schema":{"@context":"https:\/\/schema.org","@graph":[{"@type":"WebPage","@id":"https:\/\/carinebossuyt.be\/","url":"https:\/\/carinebossuyt.be\/","name":"Psychoth\u00e9rapeute \u00e0 Rixensart, sp\u00e9cialis\u00e9e en burn-out et trauma","isPartOf":{"@id":"https:\/\/carinebossuyt.be\/#website"},"primaryImageOfPage":{"@id":"https:\/\/carinebossuyt.be\/#primaryimage"},"image":{"@id":"https:\/\/carinebossuyt.be\/#primaryimage"},"thumbnailUrl":"https:\/\/carinebossuyt.be\/wp-content\/uploads\/2025\/07\/DSC05034-683x1024.jpg","datePublished":"2025-08-04T08:56:04+00:00","dateModified":"2026-02-17T13:31:22+00:00","description":"Psychoth\u00e9rapeute Gestalt sp\u00e9cialis\u00e9e dans l'accompagnement du burn-out, groupe de parole, icv, trauma, situ\u00e9e \u00e0 Rixensart et Genval","breadcrumb":{"@id":"https:\/\/carinebossuyt.be\/#breadcrumb"},"inLanguage":"fr-FR","potentialAction":[{"@type":"ReadAction","target":["https:\/\/carinebossuyt.be\/"]}]},{"@type":"ImageObject","inLanguage":"fr-FR","@id":"https:\/\/carinebossuyt.be\/#primaryimage","url":"https:\/\/carinebossuyt.be\/wp-content\/uploads\/2025\/07\/DSC05034-scaled.jpg","contentUrl":"https:\/\/carinebossuyt.be\/wp-content\/uploads\/2025\/07\/DSC05034-scaled.jpg","width":1707,"height":2560,"caption":"psychoth\u00e9rapeute gestalt burn-out ICV rixensart"},{"@type":"BreadcrumbList","@id":"https:\/\/carinebossuyt.be\/#breadcrumb","itemListElement":[{"@type":"ListItem","position":1,"name":"Accueil","item":"https:\/\/carinebossuyt.be\/"},{"@type":"ListItem","position":2,"name":"Accueil"}]},{"@type":"WebSite","@id":"https:\/\/carinebossuyt.be\/#website","url":"https:\/\/carinebossuyt.be\/","name":"CarineBossuyt","description":"","potentialAction":[{"@type":"SearchAction","target":{"@type":"EntryPoint","urlTemplate":"https:\/\/carinebossuyt.be\/?s={search_term_string}"},"query-input":{"@type":"PropertyValueSpecification","valueRequired":true,"valueName":"search_term_string"}}],"inLanguage":"fr-FR"}]}},"_links":{"self":[{"href":"https:\/\/carinebossuyt.be\/index.php\/wp-json\/wp\/v2\/pages\/35","targetHints":{"allow":["GET"]}}],"collection":[{"href":"https:\/\/carinebossuyt.be\/index.php\/wp-json\/wp\/v2\/pages"}],"about":[{"href":"https:\/\/carinebossuyt.be\/index.php\/wp-json\/wp\/v2\/types\/page"}],"author":[{"embeddable":true,"href":"https:\/\/carinebossuyt.be\/index.php\/wp-json\/wp\/v2\/users\/1"}],"replies":[{"embeddable":true,"href":"https:\/\/carinebossuyt.be\/index.php\/wp-json\/wp\/v2\/comments?post=35"}],"version-history":[{"count":62,"href":"https:\/\/carinebossuyt.be\/index.php\/wp-json\/wp\/v2\/pages\/35\/revisions"}],"predecessor-version":[{"id":474,"href":"https:\/\/carinebossuyt.be\/index.php\/wp-json\/wp\/v2\/pages\/35\/revisions\/474"}],"wp:attachment":[{"href":"https:\/\/carinebossuyt.be\/index.php\/wp-json\/wp\/v2\/media?parent=35"}],"curies":[{"name":"wp","href":"https:\/\/api.w.org\/{rel}","templated":true}]}}