{"id":39,"date":"2025-08-04T19:54:46","date_gmt":"2025-08-04T17:54:46","guid":{"rendered":"http:\/\/carinebossuyt.be\/?page_id=39"},"modified":"2025-09-26T12:40:20","modified_gmt":"2025-09-26T10:40:20","slug":"pour-quoi","status":"publish","type":"page","link":"https:\/\/carinebossuyt.be\/index.php\/pour-quoi\/","title":{"rendered":"Pour quoi?"},"content":{"rendered":"\t\t<div data-elementor-type=\"wp-page\" data-elementor-id=\"39\" class=\"elementor elementor-39\" data-elementor-post-type=\"page\">\n\t\t\t\t<div class=\"elementor-element elementor-element-3c0be98 e-flex e-con-boxed e-con e-parent\" data-id=\"3c0be98\" data-element_type=\"container\" data-e-type=\"container\">\n\t\t\t\t\t<div class=\"e-con-inner\">\n\t\t\t\t<div class=\"elementor-element elementor-element-9cdcabb elementor-widget elementor-widget-text-editor\" data-id=\"9cdcabb\" data-element_type=\"widget\" data-e-type=\"widget\" data-widget_type=\"text-editor.default\">\n\t\t\t\t\t\t\t\t\t<p lang=\"fr-BE\"><span style=\"color: #006666;\">Entreprendre une psychoth\u00e9rapie, c\u2019est se donner le droit de devenir qui nous sommes. <\/span><\/p><p lang=\"fr-BE\"><span style=\"color: #006666;\">C\u2019est aussi prendre une place active dans notre vie. C\u2019est choisir de ne pas r\u00e9p\u00e9ter ce qui ne fonctionne pas ou plus. C\u2019est aller vers de la nouveaut\u00e9, accompagn\u00e9(e) et soutenu(e). <\/span><\/p><p lang=\"fr-BE\"><span style=\"color: #006666;\">La psychoth\u00e9rapie arrive au moment o\u00f9 nous avons besoin d\u2019un regard ext\u00e9rieur et d\u2019un soutien pour \u00eatre accompagn\u00e9(e) sur un chemin qu\u2019il est trop compliqu\u00e9 d\u2019entreprendre seul.<\/span><\/p><p>Ma fonction sera d\u2019accueillir vos exp\u00e9riences, avec une \u00e9coute non jugeante, avec curiosit\u00e9, patience et cr\u00e9ativit\u00e9. Mon espace th\u00e9rapeutique permet cette ouverture en toute s\u00e9curit\u00e9.<\/p><p lang=\"fr-BE\"><span style=\"color: #006666;\">En r\u00e9sum\u00e9, mon accompagnement psychoth\u00e9rapeutique peut vous permettre de :<\/span><\/p><ul><li lang=\"fr-BE\" style=\"text-align: left;\"><span style=\"color: #006666;\">mieux vous conna\u00eetre, mieux vous comprendre<\/span><\/li><li lang=\"fr-BE\" style=\"text-align: left;\"><span style=\"color: #006666;\">appr\u00e9hender votre histoire de vie avec plus de calme<\/span><\/li><li lang=\"fr-BE\" style=\"text-align: left;\"><span style=\"color: #006666;\">construire de la s\u00e9curit\u00e9 int\u00e9rieure<\/span><\/li><li lang=\"fr-BE\" style=\"text-align: left;\"><span style=\"color: #006666;\">\u00eatre en contact avec vos \u00e9motions sans \u00eatre submerg\u00e9(e)<\/span><\/li><li lang=\"fr-BE\" style=\"text-align: left;\"><span style=\"color: #006666;\">sentir et exprimer vos besoins, vos d\u00e9sirs, vos limites<\/span><\/li><li lang=\"fr-BE\" style=\"text-align: left;\"><span style=\"color: #006666;\">vous reconnecter \u00e0 vos ressources<\/span><\/li><li lang=\"fr-BE\" style=\"text-align: left;\"><span style=\"color: #006666;\">am\u00e9liorer votre auto-estime et la confiance en vous<\/span><\/li><li lang=\"fr-BE\" style=\"text-align: left;\"><span style=\"color: #006666;\">enrichir vos relations humaines<\/span><\/li><li lang=\"fr-BE\" style=\"text-align: left;\"><span style=\"color: #006666;\">prendre des d\u00e9cisions adapt\u00e9es<\/span><\/li><li lang=\"fr-BE\" style=\"text-align: left;\"><span style=\"color: #006666;\">remettre du mouvement l\u00e0 o\u00f9 l\u2019\u00e9nergie \u00e9tait bloqu\u00e9e<\/span><\/li><li lang=\"fr-BE\" style=\"text-align: left;\"><span style=\"color: #006666;\">retrouver l\u2019\u00e9lan vital, la joie de vivre<\/span><\/li><\/ul><p>\u00a0<\/p><p><strong>J&rsquo;accompagne plus particuli\u00e8rement les personnes en burn out professionnel et parental, ainsi que les personnes cherchant \u00e0 int\u00e9grer des traumas qui entravent leur s\u00e9r\u00e9nit\u00e9.<\/strong><\/p><p>Pour en savoir plus, voyez ci-dessous.<\/p>\t\t\t\t\t\t\t\t<\/div>\n\t\t\t\t\t<\/div>\n\t\t\t\t<\/div>\n\t\t<div class=\"elementor-element elementor-element-bd79b87 e-flex e-con-boxed e-con e-parent\" data-id=\"bd79b87\" data-element_type=\"container\" data-e-type=\"container\">\n\t\t\t\t\t<div class=\"e-con-inner\">\n\t\t<div class=\"elementor-element elementor-element-bd3c540 e-con-full e-flex e-con e-child\" data-id=\"bd3c540\" data-element_type=\"container\" data-e-type=\"container\">\n\t\t\t\t<div class=\"elementor-element elementor-element-88b5b45 elementor-widget elementor-widget-image\" data-id=\"88b5b45\" data-element_type=\"widget\" data-e-type=\"widget\" data-widget_type=\"image.default\">\n\t\t\t\t\t\t\t\t\t\t\t\t\t\t\t<img fetchpriority=\"high\" decoding=\"async\" width=\"768\" height=\"1024\" src=\"https:\/\/carinebossuyt.be\/wp-content\/uploads\/2025\/07\/Envol-sur-lac-768x1024.jpg\" class=\"attachment-large size-large wp-image-23\" alt=\"\" srcset=\"https:\/\/carinebossuyt.be\/wp-content\/uploads\/2025\/07\/Envol-sur-lac-768x1024.jpg 768w, https:\/\/carinebossuyt.be\/wp-content\/uploads\/2025\/07\/Envol-sur-lac-225x300.jpg 225w, https:\/\/carinebossuyt.be\/wp-content\/uploads\/2025\/07\/Envol-sur-lac-1152x1536.jpg 1152w, https:\/\/carinebossuyt.be\/wp-content\/uploads\/2025\/07\/Envol-sur-lac-1536x2048.jpg 1536w, https:\/\/carinebossuyt.be\/wp-content\/uploads\/2025\/07\/Envol-sur-lac-scaled.jpg 1920w\" sizes=\"(max-width: 768px) 100vw, 768px\" \/>\t\t\t\t\t\t\t\t\t\t\t\t\t\t\t<\/div>\n\t\t\t\t<\/div>\n\t\t<div class=\"elementor-element elementor-element-2b345e5 e-con-full e-flex e-con e-child\" data-id=\"2b345e5\" data-element_type=\"container\" data-e-type=\"container\">\n\t\t\t\t<div class=\"elementor-element elementor-element-034e9a9 elementor-widget elementor-widget-htmega-accordion-addons\" data-id=\"034e9a9\" data-element_type=\"widget\" data-e-type=\"widget\" data-widget_type=\"htmega-accordion-addons.default\">\n\t\t\t\t<div class=\"elementor-widget-container\">\n\t\t\t\t\t<div class=\"accordion\" id=\"accordionExample034e9a9\">                            <div class=\"single_accourdion htmega-icon-align-right\">\n\n                                <div class=\"htmega-accourdion-title\">\n                                    <h2 data-toggle=\"htbcollapse\" data-target=\"#htmega-collapse1034e9a9\" class=\"htb-collapsed htmega-items-hedding\">Burn out - Epuisement <span class=\"accourdion-icon close-accourdion\"><svg class=\"e-font-icon-svg e-fas-minus\" viewBox=\"0 0 448 512\" xmlns=\"http:\/\/www.w3.org\/2000\/svg\"><path d=\"M416 208H32c-17.67 0-32 14.33-32 32v32c0 17.67 14.33 32 32 32h384c17.67 0 32-14.33 32-32v-32c0-17.67-14.33-32-32-32z\"><\/path><\/svg><\/span><span class=\"accourdion-icon open-accourdion\"><svg class=\"e-font-icon-svg e-fas-plus\" viewBox=\"0 0 448 512\" xmlns=\"http:\/\/www.w3.org\/2000\/svg\"><path d=\"M416 208H272V64c0-17.67-14.33-32-32-32h-32c-17.67 0-32 14.33-32 32v144H32c-17.67 0-32 14.33-32 32v32c0 17.67 14.33 32 32 32h144v144c0 17.67 14.33 32 32 32h32c17.67 0 32-14.33 32-32V304h144c17.67 0 32-14.33 32-32v-32c0-17.67-14.33-32-32-32z\"><\/path><\/svg><\/span><\/h2>                                <\/div>\n\n                                <div id=\"htmega-collapse1034e9a9\" class=\"htb-collapse \" data-parent=\"#accordionExample034e9a9\" >\n                                    <div class=\"accordion-content\">\n                                        <p lang=\"fr-BE\"><span style=\"color: #006666\">Des ann\u00e9es d\u2019exp\u00e9rience et une solide formation sur le sujet me permettent d\u2019accompagner des personnes en situation de burn out. Avant de me concentrer sur une pratique de psychoth\u00e9rapeute \u00e0 temps plein, j\u2019ai travaill\u00e9 en entreprise, dans divers milieux. Le monde du travail en dehors du cabinet de th\u00e9rapie m\u2019est familier. C\u2019est avec beaucoup de d\u00e9licatesse, d\u2019empathie et de patience que je re\u00e7ois une personne en burn out.<\/span><\/p><p lang=\"fr-BE\"><span style=\"color: #006666\">Je vous re\u00e7ois en s\u00e9ances individuelles, de fa\u00e7on r\u00e9guli\u00e8re et suivie, en fonction de votre rythme et de vos besoins. Je vous accueille aussi dans les groupes de parole pour personnes en burn out.<\/span><\/p><p lang=\"fr-BE\"><span style=\"color: #006666\">Je vous accompagne dans les situations suivantes\u00a0:<\/span><\/p><ul><li lang=\"fr-BE\"><span style=\"color: #006666\">Epuisement professionnel et\/ou parental et\/ou familial<\/span><\/li><li lang=\"fr-BE\"><span style=\"color: #006666\">Pr\u00e9vention du burn out<\/span><\/li><li lang=\"fr-BE\"><span style=\"color: #006666\">Stress<\/span><\/li><li lang=\"fr-BE\"><span style=\"color: #006666\">Emotions incontr\u00f4lables<\/span><\/li><li lang=\"fr-BE\"><span style=\"color: #006666\">D\u00e9connexion t\u00eate-corps<\/span><\/li><li lang=\"fr-BE\"><span style=\"color: #006666\">Besoins de comprendre votre \u00e9tat \u00e9motionnel et physique<\/span><\/li><li lang=\"fr-BE\"><span style=\"color: #006666\">Besoin d\u2019\u00e9changes et de r\u00e9flexions<\/span><\/li><li lang=\"fr-BE\"><span style=\"color: #006666\">D\u00e9sir de nouvelles pistes<\/span><\/li><\/ul><p lang=\"fr-BE\"><span style=\"color: #006666\">Nos rencontres viendront en soutien d\u2019un suivi m\u00e9dical, pour vous aider \u00e0 accepter les messages de votre corps et pour faire un bilan. Un burn out est en effet l\u2019occasion de remettre \u00e0 plat qui vous \u00eates, ce que vous voulez et vers o\u00f9 vous voulez aller. Ensemble, nous prenons le temps n\u00e9cessaire pour que vous r\u00e9cup\u00e9riez physiquement, \u00e9motionnellement et psychiquement de cette exp\u00e9rience.<\/span><\/p><p lang=\"fr-BE\"><span style=\"color: #006666\">Je vous guide pour vous connecter \u00e0 votre corps, \u00e0 vos besoins et \u00e0 vos ressources. Je vous aide \u00e0 comprendre les ph\u00e9nom\u00e8nes qui vous ont pouss\u00e9(e) \u00e0 vous \u00e9puiser. <\/span><span style=\"color: #006666\">En parall\u00e8le, je vous apprends \u00e0 vivre plus calmement, en diminuant le stress. Et petit \u00e0 petit, nous regardons ensemble ce qui vous correspond, pour trouver l\u2019alignement et la coh\u00e9rence avec vous-m\u00eame.<\/span><\/p>                                    <\/div>\n                                <\/div>\n\n                            <\/div>\n\n                                                    <div class=\"single_accourdion htmega-icon-align-right\">\n\n                                <div class=\"htmega-accourdion-title\">\n                                    <h2 data-toggle=\"htbcollapse\" data-target=\"#htmega-collapse2034e9a9\" class=\"htb-collapsed htmega-items-hedding\">Trauma - Stress <span class=\"accourdion-icon close-accourdion\"><svg class=\"e-font-icon-svg e-fas-minus\" viewBox=\"0 0 448 512\" xmlns=\"http:\/\/www.w3.org\/2000\/svg\"><path d=\"M416 208H32c-17.67 0-32 14.33-32 32v32c0 17.67 14.33 32 32 32h384c17.67 0 32-14.33 32-32v-32c0-17.67-14.33-32-32-32z\"><\/path><\/svg><\/span><span class=\"accourdion-icon open-accourdion\"><svg class=\"e-font-icon-svg e-fas-plus\" viewBox=\"0 0 448 512\" xmlns=\"http:\/\/www.w3.org\/2000\/svg\"><path d=\"M416 208H272V64c0-17.67-14.33-32-32-32h-32c-17.67 0-32 14.33-32 32v144H32c-17.67 0-32 14.33-32 32v32c0 17.67 14.33 32 32 32h144v144c0 17.67 14.33 32 32 32h32c17.67 0 32-14.33 32-32V304h144c17.67 0 32-14.33 32-32v-32c0-17.67-14.33-32-32-32z\"><\/path><\/svg><\/span><\/h2>                                <\/div>\n\n                                <div id=\"htmega-collapse2034e9a9\" class=\"htb-collapse \" data-parent=\"#accordionExample034e9a9\" >\n                                    <div class=\"accordion-content\">\n                                        <p lang=\"fr-BE\"><span style=\"color: #008080\">Je vous accompagne lorsque\u00a0:<\/span><\/p><ul><li lang=\"fr-BE\"><span style=\"color: #008080\">Vous vous sentez d\u00e9pass\u00e9(e) par vos \u00e9motions<\/span><\/li><li lang=\"fr-BE\"><span style=\"color: #008080\">Vous vivez un stress excessif et inadapt\u00e9<\/span><\/li><li lang=\"fr-BE\"><span style=\"color: #008080\">Votre comportement impulsif ou compulsif vous d\u00e9range<\/span><\/li><li lang=\"fr-BE\"><span style=\"color: #008080\">Vous restez coll\u00e9(e) \u00e0 votre pass\u00e9<\/span><\/li><li lang=\"fr-BE\"><span style=\"color: #008080\">Vous \u00eates conscient(e) d\u2019avoir v\u00e9cu un ou des \u00e9v\u00e9nements traumatiques encombrants<\/span><\/li><li lang=\"fr-BE\"><span style=\"color: #008080\">Votre histoire vous emp\u00eache de vivre sereinement<\/span><\/li><\/ul><p><span style=\"color: #008080\">Je vous accueille avec ma posture de Gestalt-th\u00e9rapeute, dans l\u2019ajustement et l\u2019accordage que n\u00e9cessite ce travail d\u00e9licat et subtil. J\u2019utilise l\u2019approche ICV-LI pour vous aider \u00e0 int\u00e9grer votre histoire et \u00e0 vivre le pr\u00e9sent avec plus de calme int\u00e9rieur. Le travail consiste \u00e0 cr\u00e9er ensemble une ligne du temps de vos souvenirs depuis votre enfance \u00e0 aujourd\u2019hui. Cela peut sembler difficile \u00e0 certains qui pensent ne pas avoir de souvenirs. Pourtant il suffit de quelques mots cl\u00e9s pour pouvoir travailler, ainsi que de ma pr\u00e9sence soutenante ajust\u00e9e \u00e0 votre rythme. Guid\u00e9(e) par mes questions, une liste de souvenirs se construit peu \u00e0 peu. Sur base de cette liste et gr\u00e2ce \u00e0 une lecture particuli\u00e8re de vos souvenirs, je vous am\u00e8ne \u00e0 sentir au plus profond de vous une s\u00e9curit\u00e9 int\u00e9rieure dans l\u2019ici et maintenant. Les \u00e9v\u00e9nements du pass\u00e9 s\u2019int\u00e8grent dans votre syst\u00e8me comme faisant partie du pass\u00e9. Ainsi s\u2019op\u00e8re peu \u00e0 peu une ouverture au pr\u00e9sent et au calme int\u00e9rieur.<\/span><\/p>                                    <\/div>\n                                <\/div>\n\n                            <\/div>\n\n                                                    <div class=\"single_accourdion htmega-icon-align-right\">\n\n                                <div class=\"htmega-accourdion-title\">\n                                    <h2 data-toggle=\"htbcollapse\" data-target=\"#htmega-collapse3034e9a9\" class=\"htb-collapsed htmega-items-hedding\">Soutien parental et familial <span class=\"accourdion-icon close-accourdion\"><svg class=\"e-font-icon-svg e-fas-minus\" viewBox=\"0 0 448 512\" xmlns=\"http:\/\/www.w3.org\/2000\/svg\"><path d=\"M416 208H32c-17.67 0-32 14.33-32 32v32c0 17.67 14.33 32 32 32h384c17.67 0 32-14.33 32-32v-32c0-17.67-14.33-32-32-32z\"><\/path><\/svg><\/span><span class=\"accourdion-icon open-accourdion\"><svg class=\"e-font-icon-svg e-fas-plus\" viewBox=\"0 0 448 512\" xmlns=\"http:\/\/www.w3.org\/2000\/svg\"><path d=\"M416 208H272V64c0-17.67-14.33-32-32-32h-32c-17.67 0-32 14.33-32 32v144H32c-17.67 0-32 14.33-32 32v32c0 17.67 14.33 32 32 32h144v144c0 17.67 14.33 32 32 32h32c17.67 0 32-14.33 32-32V304h144c17.67 0 32-14.33 32-32v-32c0-17.67-14.33-32-32-32z\"><\/path><\/svg><\/span><\/h2>                                <\/div>\n\n                                <div id=\"htmega-collapse3034e9a9\" class=\"htb-collapse \" data-parent=\"#accordionExample034e9a9\" >\n                                    <div class=\"accordion-content\">\n                                        <p><span style=\"color: #006666\">Je vous accompagne dans les situations suivantes\u00a0:<\/span><\/p><ul><li><span style=\"color: #006666\"> Questionnement sur votre posture parentale<\/span><\/li><li><span style=\"color: #006666\"> Epuisement, burn out parental ou familial <\/span><\/li><li><span style=\"color: #006666\">Couple\/famille en difficult\u00e9 <\/span><\/li><\/ul><p><span style=\"color: #006666\">L\u2019arriv\u00e9e d\u2019un enfant dans une famille bouleverse son syst\u00e8me et les individus qui le composent. Il est parfois utile de chercher du soutien pour mieux traverser cette p\u00e9riode de changements. C\u2019est \u00e0 ce moment-l\u00e0 que de nombreux enjeux personnels peuvent surgir, sans qu\u2019on s\u2019y attende.<\/span><\/p><p><span style=\"color: #006666\"> L'adolescence de nos enfants est une autre p\u00e9riode critique o\u00f9 nous sommes souvent d\u00e9sar\u00e7onn\u00e9s en tant que parents. Nos enfants changent, leurs int\u00e9r\u00eats se portent vers l'ext\u00e9rieur de la famille, et nous pouvons nous sentir rejet\u00e9s ou m\u00eame utilis\u00e9s. Il est possible que votre histoire, votre enfance, votre adolescence aient encore des impacts sur vous aujourd\u2019hui. <\/span><\/p><p><span style=\"color: #006666\">Le burn out parental (familial) est l\u2019une des cons\u00e9quences possibles d\u2019un pass\u00e9 non encore apais\u00e9. <\/span><\/p><p><span style=\"color: #006666\">Mon regard professionnel vous aidera \u00e0 mieux vous comprendre et \u00e0 renouer avec vos besoins tout en \u00e9tant en lien avec les autres membres de votre famille.<\/span><\/p><p><span style=\"color: #006666\">Ensemble nous poserons les bases pour assurer un climat de s\u00e9r\u00e9nit\u00e9 et de s\u00e9curit\u00e9 pour vous et vos proches.<\/span><\/p>                                    <\/div>\n                                <\/div>\n\n                            <\/div>\n\n                        <\/div>\t\t\t\t<\/div>\n\t\t\t\t<\/div>\n\t\t\t\t<\/div>\n\t\t\t\t\t<\/div>\n\t\t\t\t<\/div>\n\t\t\t\t<\/div>\n\t\t","protected":false},"excerpt":{"rendered":"<p>Entreprendre une psychoth\u00e9rapie, c\u2019est se donner le droit de devenir qui nous sommes. C\u2019est aussi prendre une place active dans notre vie. C\u2019est choisir de ne pas r\u00e9p\u00e9ter ce qui ne fonctionne pas ou plus. C\u2019est aller vers de la nouveaut\u00e9, accompagn\u00e9(e) et soutenu(e). La psychoth\u00e9rapie arrive au moment o\u00f9 nous avons besoin d\u2019un regard [&hellip;]<\/p>\n","protected":false},"author":1,"featured_media":0,"parent":0,"menu_order":0,"comment_status":"closed","ping_status":"closed","template":"","meta":{"footnotes":""},"class_list":["post-39","page","type-page","status-publish","hentry"],"yoast_head":"<!-- This site is optimized with the Yoast SEO plugin v27.4 - https:\/\/yoast.com\/product\/yoast-seo-wordpress\/ -->\n<title>Psychoth\u00e9rapie burn-out trauma soutien parental<\/title>\n<meta name=\"description\" content=\"Psychoth\u00e9rapie individuelle ou en groupe, accompagnement du burn-out, du trauma, et soutien parental. A Rixensart, en Brabant Wallon.\" \/>\n<meta name=\"robots\" content=\"index, follow, max-snippet:-1, max-image-preview:large, max-video-preview:-1\" \/>\n<link rel=\"canonical\" href=\"https:\/\/carinebossuyt.be\/index.php\/pour-quoi\/\" \/>\n<meta property=\"og:locale\" content=\"fr_FR\" \/>\n<meta property=\"og:type\" content=\"article\" \/>\n<meta property=\"og:title\" content=\"Psychoth\u00e9rapie burn-out trauma soutien parental\" \/>\n<meta property=\"og:description\" content=\"Psychoth\u00e9rapie individuelle ou en groupe, accompagnement du burn-out, du trauma, et soutien parental. A Rixensart, en Brabant Wallon.\" \/>\n<meta property=\"og:url\" content=\"https:\/\/carinebossuyt.be\/index.php\/pour-quoi\/\" \/>\n<meta property=\"og:site_name\" content=\"CarineBossuyt\" \/>\n<meta property=\"article:modified_time\" content=\"2025-09-26T10:40:20+00:00\" \/>\n<meta property=\"og:image\" content=\"https:\/\/carinebossuyt.be\/wp-content\/uploads\/2025\/07\/Envol-sur-lac-768x1024.jpg\" \/>\n<meta name=\"twitter:card\" content=\"summary_large_image\" \/>\n<meta name=\"twitter:label1\" content=\"Dur\u00e9e de lecture estim\u00e9e\" \/>\n\t<meta name=\"twitter:data1\" content=\"5 minutes\" \/>\n<script type=\"application\/ld+json\" class=\"yoast-schema-graph\">{\"@context\":\"https:\\\/\\\/schema.org\",\"@graph\":[{\"@type\":\"WebPage\",\"@id\":\"https:\\\/\\\/carinebossuyt.be\\\/index.php\\\/pour-quoi\\\/\",\"url\":\"https:\\\/\\\/carinebossuyt.be\\\/index.php\\\/pour-quoi\\\/\",\"name\":\"Psychoth\u00e9rapie burn-out trauma soutien parental\",\"isPartOf\":{\"@id\":\"https:\\\/\\\/carinebossuyt.be\\\/#website\"},\"primaryImageOfPage\":{\"@id\":\"https:\\\/\\\/carinebossuyt.be\\\/index.php\\\/pour-quoi\\\/#primaryimage\"},\"image\":{\"@id\":\"https:\\\/\\\/carinebossuyt.be\\\/index.php\\\/pour-quoi\\\/#primaryimage\"},\"thumbnailUrl\":\"https:\\\/\\\/carinebossuyt.be\\\/wp-content\\\/uploads\\\/2025\\\/07\\\/Envol-sur-lac-768x1024.jpg\",\"datePublished\":\"2025-08-04T17:54:46+00:00\",\"dateModified\":\"2025-09-26T10:40:20+00:00\",\"description\":\"Psychoth\u00e9rapie individuelle ou en groupe, accompagnement du burn-out, du trauma, et soutien parental. A Rixensart, en Brabant Wallon.\",\"breadcrumb\":{\"@id\":\"https:\\\/\\\/carinebossuyt.be\\\/index.php\\\/pour-quoi\\\/#breadcrumb\"},\"inLanguage\":\"fr-FR\",\"potentialAction\":[{\"@type\":\"ReadAction\",\"target\":[\"https:\\\/\\\/carinebossuyt.be\\\/index.php\\\/pour-quoi\\\/\"]}]},{\"@type\":\"ImageObject\",\"inLanguage\":\"fr-FR\",\"@id\":\"https:\\\/\\\/carinebossuyt.be\\\/index.php\\\/pour-quoi\\\/#primaryimage\",\"url\":\"https:\\\/\\\/carinebossuyt.be\\\/wp-content\\\/uploads\\\/2025\\\/07\\\/Envol-sur-lac-scaled.jpg\",\"contentUrl\":\"https:\\\/\\\/carinebossuyt.be\\\/wp-content\\\/uploads\\\/2025\\\/07\\\/Envol-sur-lac-scaled.jpg\",\"width\":1920,\"height\":2560},{\"@type\":\"BreadcrumbList\",\"@id\":\"https:\\\/\\\/carinebossuyt.be\\\/index.php\\\/pour-quoi\\\/#breadcrumb\",\"itemListElement\":[{\"@type\":\"ListItem\",\"position\":1,\"name\":\"Accueil\",\"item\":\"https:\\\/\\\/carinebossuyt.be\\\/\"},{\"@type\":\"ListItem\",\"position\":2,\"name\":\"Pour quoi?\"}]},{\"@type\":\"WebSite\",\"@id\":\"https:\\\/\\\/carinebossuyt.be\\\/#website\",\"url\":\"https:\\\/\\\/carinebossuyt.be\\\/\",\"name\":\"CarineBossuyt\",\"description\":\"\",\"potentialAction\":[{\"@type\":\"SearchAction\",\"target\":{\"@type\":\"EntryPoint\",\"urlTemplate\":\"https:\\\/\\\/carinebossuyt.be\\\/?s={search_term_string}\"},\"query-input\":{\"@type\":\"PropertyValueSpecification\",\"valueRequired\":true,\"valueName\":\"search_term_string\"}}],\"inLanguage\":\"fr-FR\"}]}<\/script>\n<!-- \/ Yoast SEO plugin. -->","yoast_head_json":{"title":"Psychoth\u00e9rapie burn-out trauma soutien parental","description":"Psychoth\u00e9rapie individuelle ou en groupe, accompagnement du burn-out, du trauma, et soutien parental. A Rixensart, en Brabant Wallon.","robots":{"index":"index","follow":"follow","max-snippet":"max-snippet:-1","max-image-preview":"max-image-preview:large","max-video-preview":"max-video-preview:-1"},"canonical":"https:\/\/carinebossuyt.be\/index.php\/pour-quoi\/","og_locale":"fr_FR","og_type":"article","og_title":"Psychoth\u00e9rapie burn-out trauma soutien parental","og_description":"Psychoth\u00e9rapie individuelle ou en groupe, accompagnement du burn-out, du trauma, et soutien parental. A Rixensart, en Brabant Wallon.","og_url":"https:\/\/carinebossuyt.be\/index.php\/pour-quoi\/","og_site_name":"CarineBossuyt","article_modified_time":"2025-09-26T10:40:20+00:00","og_image":[{"url":"https:\/\/carinebossuyt.be\/wp-content\/uploads\/2025\/07\/Envol-sur-lac-768x1024.jpg","type":"","width":"","height":""}],"twitter_card":"summary_large_image","twitter_misc":{"Dur\u00e9e de lecture estim\u00e9e":"5 minutes"},"schema":{"@context":"https:\/\/schema.org","@graph":[{"@type":"WebPage","@id":"https:\/\/carinebossuyt.be\/index.php\/pour-quoi\/","url":"https:\/\/carinebossuyt.be\/index.php\/pour-quoi\/","name":"Psychoth\u00e9rapie burn-out trauma soutien parental","isPartOf":{"@id":"https:\/\/carinebossuyt.be\/#website"},"primaryImageOfPage":{"@id":"https:\/\/carinebossuyt.be\/index.php\/pour-quoi\/#primaryimage"},"image":{"@id":"https:\/\/carinebossuyt.be\/index.php\/pour-quoi\/#primaryimage"},"thumbnailUrl":"https:\/\/carinebossuyt.be\/wp-content\/uploads\/2025\/07\/Envol-sur-lac-768x1024.jpg","datePublished":"2025-08-04T17:54:46+00:00","dateModified":"2025-09-26T10:40:20+00:00","description":"Psychoth\u00e9rapie individuelle ou en groupe, accompagnement du burn-out, du trauma, et soutien parental. A Rixensart, en Brabant Wallon.","breadcrumb":{"@id":"https:\/\/carinebossuyt.be\/index.php\/pour-quoi\/#breadcrumb"},"inLanguage":"fr-FR","potentialAction":[{"@type":"ReadAction","target":["https:\/\/carinebossuyt.be\/index.php\/pour-quoi\/"]}]},{"@type":"ImageObject","inLanguage":"fr-FR","@id":"https:\/\/carinebossuyt.be\/index.php\/pour-quoi\/#primaryimage","url":"https:\/\/carinebossuyt.be\/wp-content\/uploads\/2025\/07\/Envol-sur-lac-scaled.jpg","contentUrl":"https:\/\/carinebossuyt.be\/wp-content\/uploads\/2025\/07\/Envol-sur-lac-scaled.jpg","width":1920,"height":2560},{"@type":"BreadcrumbList","@id":"https:\/\/carinebossuyt.be\/index.php\/pour-quoi\/#breadcrumb","itemListElement":[{"@type":"ListItem","position":1,"name":"Accueil","item":"https:\/\/carinebossuyt.be\/"},{"@type":"ListItem","position":2,"name":"Pour quoi?"}]},{"@type":"WebSite","@id":"https:\/\/carinebossuyt.be\/#website","url":"https:\/\/carinebossuyt.be\/","name":"CarineBossuyt","description":"","potentialAction":[{"@type":"SearchAction","target":{"@type":"EntryPoint","urlTemplate":"https:\/\/carinebossuyt.be\/?s={search_term_string}"},"query-input":{"@type":"PropertyValueSpecification","valueRequired":true,"valueName":"search_term_string"}}],"inLanguage":"fr-FR"}]}},"_links":{"self":[{"href":"https:\/\/carinebossuyt.be\/index.php\/wp-json\/wp\/v2\/pages\/39","targetHints":{"allow":["GET"]}}],"collection":[{"href":"https:\/\/carinebossuyt.be\/index.php\/wp-json\/wp\/v2\/pages"}],"about":[{"href":"https:\/\/carinebossuyt.be\/index.php\/wp-json\/wp\/v2\/types\/page"}],"author":[{"embeddable":true,"href":"https:\/\/carinebossuyt.be\/index.php\/wp-json\/wp\/v2\/users\/1"}],"replies":[{"embeddable":true,"href":"https:\/\/carinebossuyt.be\/index.php\/wp-json\/wp\/v2\/comments?post=39"}],"version-history":[{"count":34,"href":"https:\/\/carinebossuyt.be\/index.php\/wp-json\/wp\/v2\/pages\/39\/revisions"}],"predecessor-version":[{"id":374,"href":"https:\/\/carinebossuyt.be\/index.php\/wp-json\/wp\/v2\/pages\/39\/revisions\/374"}],"wp:attachment":[{"href":"https:\/\/carinebossuyt.be\/index.php\/wp-json\/wp\/v2\/media?parent=39"}],"curies":[{"name":"wp","href":"https:\/\/api.w.org\/{rel}","templated":true}]}}