{"id":41,"date":"2025-08-04T20:53:13","date_gmt":"2025-08-04T18:53:13","guid":{"rendered":"http:\/\/carinebossuyt.be\/?page_id=41"},"modified":"2026-02-20T12:47:42","modified_gmt":"2026-02-20T10:47:42","slug":"comment","status":"publish","type":"page","link":"https:\/\/carinebossuyt.be\/index.php\/comment\/","title":{"rendered":"Comment ?"},"content":{"rendered":"\t\t<div data-elementor-type=\"wp-page\" data-elementor-id=\"41\" class=\"elementor elementor-41\" data-elementor-post-type=\"page\">\n\t\t\t\t<div class=\"elementor-element elementor-element-bbb9a19 e-flex e-con-boxed e-con e-parent\" data-id=\"bbb9a19\" data-element_type=\"container\" data-e-type=\"container\">\n\t\t\t\t\t<div class=\"e-con-inner\">\n\t\t\t\t<div class=\"elementor-element elementor-element-c397ddc elementor-widget elementor-widget-text-editor\" data-id=\"c397ddc\" data-element_type=\"widget\" data-e-type=\"widget\" data-widget_type=\"text-editor.default\">\n\t\t\t\t\t\t\t\t\t<p>L&rsquo;accompagnement psychoth\u00e9rapeutique que je propose est avant tout de l&rsquo;\u00e9coute, de la pr\u00e9sence et de l&rsquo;ajustement \u00e0 ce qui \u00e9merge dans l&rsquo;ici et maintenant.\u00a0 Ma posture de gestalt-th\u00e9rapeute \u00e9tablit un cadre d&rsquo;accueil renouvel\u00e9 \u00e0 chaque rencontre. Je prends particuli\u00e8rement soin de cr\u00e9er et assurer la s\u00e9curit\u00e9 dans nos s\u00e9ances.<br \/>A l&rsquo;\u00e9coute de votre demande,\u00a0 je choisirai parmi les diff\u00e9rents outils \u00e0 ma disposition, ceux qui seront les plus adapt\u00e9s \u00e0 votre besoin.\u00a0 Entre autres, j&rsquo;utilise l&rsquo;approche psychocorporelle appel\u00e9e \u00ab\u00a0int\u00e9gration du cycle de la vie\u00a0\u00bb (ICV-LI).\u00a0 L&rsquo;ICV nous sera pr\u00e9cieux pour les th\u00e8mes suivants: stress, anxi\u00e9t\u00e9, burn out, trauma, histoires familiales et relations conflictuelles.<\/p><p>Pour en savoir plus, voyez ci-dessous:<\/p>\t\t\t\t\t\t\t\t<\/div>\n\t\t\t\t\t<\/div>\n\t\t\t\t<\/div>\n\t\t<div class=\"elementor-element elementor-element-1045ce8 e-flex e-con-boxed e-con e-parent\" data-id=\"1045ce8\" data-element_type=\"container\" data-e-type=\"container\">\n\t\t\t\t\t<div class=\"e-con-inner\">\n\t\t<div class=\"elementor-element elementor-element-17cbe7b e-con-full e-flex e-con e-child\" data-id=\"17cbe7b\" data-element_type=\"container\" data-e-type=\"container\">\n\t\t\t\t<div class=\"elementor-element elementor-element-e03ebd4 elementor-widget elementor-widget-image\" data-id=\"e03ebd4\" data-element_type=\"widget\" data-e-type=\"widget\" data-widget_type=\"image.default\">\n\t\t\t\t\t\t\t\t\t\t\t\t\t\t\t<img fetchpriority=\"high\" decoding=\"async\" width=\"800\" height=\"450\" src=\"https:\/\/carinebossuyt.be\/wp-content\/uploads\/2025\/08\/20250713_141221-1024x576.jpg\" class=\"attachment-large size-large wp-image-171\" alt=\"\" srcset=\"https:\/\/carinebossuyt.be\/wp-content\/uploads\/2025\/08\/20250713_141221-1024x576.jpg 1024w, https:\/\/carinebossuyt.be\/wp-content\/uploads\/2025\/08\/20250713_141221-300x169.jpg 300w, https:\/\/carinebossuyt.be\/wp-content\/uploads\/2025\/08\/20250713_141221-768x432.jpg 768w, https:\/\/carinebossuyt.be\/wp-content\/uploads\/2025\/08\/20250713_141221-1536x864.jpg 1536w, https:\/\/carinebossuyt.be\/wp-content\/uploads\/2025\/08\/20250713_141221-2048x1152.jpg 2048w\" sizes=\"(max-width: 800px) 100vw, 800px\" \/>\t\t\t\t\t\t\t\t\t\t\t\t\t\t\t<\/div>\n\t\t\t\t<\/div>\n\t\t<div class=\"elementor-element elementor-element-80e7770 e-con-full e-flex e-con e-child\" data-id=\"80e7770\" data-element_type=\"container\" data-e-type=\"container\">\n\t\t\t\t<div class=\"elementor-element elementor-element-d5e66e8 elementor-widget elementor-widget-htmega-accordion-addons\" data-id=\"d5e66e8\" data-element_type=\"widget\" data-e-type=\"widget\" data-widget_type=\"htmega-accordion-addons.default\">\n\t\t\t\t<div class=\"elementor-widget-container\">\n\t\t\t\t\t<div class=\"accordion\" id=\"accordionExampled5e66e8\">                            <div class=\"single_accourdion htmega-icon-align-right\">\n\n                                <div class=\"htmega-accourdion-title\">\n                                    <h2 data-toggle=\"htbcollapse\" data-target=\"#htmega-collapse1d5e66e8\" class=\"htb-collapsed htmega-items-hedding\">Gestalt th\u00e9rapie <span class=\"accourdion-icon close-accourdion\"><svg class=\"e-font-icon-svg e-fas-minus\" viewBox=\"0 0 448 512\" xmlns=\"http:\/\/www.w3.org\/2000\/svg\"><path d=\"M416 208H32c-17.67 0-32 14.33-32 32v32c0 17.67 14.33 32 32 32h384c17.67 0 32-14.33 32-32v-32c0-17.67-14.33-32-32-32z\"><\/path><\/svg><\/span><span class=\"accourdion-icon open-accourdion\"><svg class=\"e-font-icon-svg e-fas-plus\" viewBox=\"0 0 448 512\" xmlns=\"http:\/\/www.w3.org\/2000\/svg\"><path d=\"M416 208H272V64c0-17.67-14.33-32-32-32h-32c-17.67 0-32 14.33-32 32v144H32c-17.67 0-32 14.33-32 32v32c0 17.67 14.33 32 32 32h144v144c0 17.67 14.33 32 32 32h32c17.67 0 32-14.33 32-32V304h144c17.67 0 32-14.33 32-32v-32c0-17.67-14.33-32-32-32z\"><\/path><\/svg><\/span><\/h2>                                <\/div>\n\n                                <div id=\"htmega-collapse1d5e66e8\" class=\"htb-collapse \" data-parent=\"#accordionExampled5e66e8\" >\n                                    <div class=\"accordion-content\">\n                                        <p><span style=\"color: #006666\">La Gestalt-th\u00e9rapie est une th\u00e9rapie humaniste \u00e9labor\u00e9e vers 1950 par Fritz Perls. Elle s\u2019int\u00e9resse \u00e0 l\u2019humain dans toutes ses dimensions\u00a0: psychique, corporelle, \u00e9motionnelle, sociale et spirituelle. Elle se concentre particuli\u00e8rement sur la fa\u00e7on dont la personne interagit avec son environnement. La Gestalt se caract\u00e9rise par son caract\u00e8re exp\u00e9rientiel et ph\u00e9nom\u00e9nologique. C\u2019est une \u00ab\u00e9ducation en art de vivre\" ici et maintenant. La Gestalt, c\u2019est aussi \u00abl\u2019art du contact\u00bb qui permet de retrouver le lien avec nous-m\u00eame, les autres, la vie.<\/span><\/p><p align=\"JUSTIFY\"><span style=\"color: #006666\">En tant que Gestalt-th\u00e9rapeute, je vous aide \u00e0 trouver du sens \u00e0 votre histoire personnelle et \u00e0 prendre conscience de votre fonctionnement. Ensemble nous explorons des pistes innovantes pour d\u00e9bloquer de fa\u00e7on cr\u00e9ative des comportements automatiques devenus obsol\u00e8tes. Nous ouvrons des portes, \u00e9largissons votre vision pour redevenir pr\u00e9sent et cr\u00e9atif. <\/span><\/p><p lang=\"fr-BE\"><span style=\"color: #006666\">Je suis \u00e0 vos c\u00f4t\u00e9s pour :<\/span><\/p><ul><li><p lang=\"fr-BE\"><span style=\"color: #006666\">Accueillir vos \u00e9motions lorsque vous traversez une p\u00e9riode de vie difficile<\/span><\/p><\/li><li><p lang=\"fr-BE\"><span style=\"color: #006666\">Vous offrir une \u00e9coute non-jugeante et soutenante<\/span><\/p><\/li><li><p lang=\"fr-BE\"><span style=\"color: #006666\">Vous aider \u00e0 mieux vous comprendre et vous appr\u00e9cier<\/span><\/p><\/li><li><p lang=\"fr-BE\"><span style=\"color: #006666\">Remettre du mouvement, sortir des blocages<\/span><\/p><\/li><li><p lang=\"fr-BE\"><span style=\"color: #006666\">Retrouver votre cr\u00e9ativit\u00e9, lib\u00e9rer votre potentiel<\/span><\/p><\/li><\/ul><ul><li><p lang=\"fr-BE\"><span style=\"color: #006666\">Am\u00e9liorer vos relations familiales, conjugales, amicales\u00a0 <\/span><\/p><\/li><li><p lang=\"fr-BE\"><span style=\"color: #006666\">Am\u00e9liorer votre communication<\/span><\/p><\/li><li><p lang=\"fr-BE\"><span style=\"color: #006666\">Trouver de la satisfaction et de la joie de vivre\u00a0 <\/span><\/p><\/li><li><p lang=\"fr-BE\"><span style=\"color: #006666\">Echanger sur vos questionnements existentiels<\/span><\/p><\/li><\/ul><p lang=\"fr-BE\"><span style=\"color: #006666\">Ensemble et \u00e0 votre rythme, nous ouvrons des fen\u00eatres et d\u00e9couvrons votre monde int\u00e9rieur. Nous amenons de la conscience et de la cr\u00e9ativit\u00e9 dans votre vie.<\/span><\/p><p lang=\"fr-BE\">En savoir plus : lire <a href=\"https:\/\/carinebossuyt.be\/index.php\/2026\/02\/20\/la-gestalt-therapie-en-quelques-lignes\">l'article<\/a><\/p>                                    <\/div>\n                                <\/div>\n\n                            <\/div>\n\n                                                    <div class=\"single_accourdion htmega-icon-align-right\">\n\n                                <div class=\"htmega-accourdion-title\">\n                                    <h2 data-toggle=\"htbcollapse\" data-target=\"#htmega-collapse2d5e66e8\" class=\"htb-collapsed htmega-items-hedding\">Int\u00e9gration du Cycle de la Vie - Lifespan Integration (ICV-LI) <span class=\"accourdion-icon close-accourdion\"><svg class=\"e-font-icon-svg e-fas-minus\" viewBox=\"0 0 448 512\" xmlns=\"http:\/\/www.w3.org\/2000\/svg\"><path d=\"M416 208H32c-17.67 0-32 14.33-32 32v32c0 17.67 14.33 32 32 32h384c17.67 0 32-14.33 32-32v-32c0-17.67-14.33-32-32-32z\"><\/path><\/svg><\/span><span class=\"accourdion-icon open-accourdion\"><svg class=\"e-font-icon-svg e-fas-plus\" viewBox=\"0 0 448 512\" xmlns=\"http:\/\/www.w3.org\/2000\/svg\"><path d=\"M416 208H272V64c0-17.67-14.33-32-32-32h-32c-17.67 0-32 14.33-32 32v144H32c-17.67 0-32 14.33-32 32v32c0 17.67 14.33 32 32 32h144v144c0 17.67 14.33 32 32 32h32c17.67 0 32-14.33 32-32V304h144c17.67 0 32-14.33 32-32v-32c0-17.67-14.33-32-32-32z\"><\/path><\/svg><\/span><\/h2>                                <\/div>\n\n                                <div id=\"htmega-collapse2d5e66e8\" class=\"htb-collapse \" data-parent=\"#accordionExampled5e66e8\" >\n                                    <div class=\"accordion-content\">\n                                        <p lang=\"fr-BE\"><span style=\"color: #006666\">L'ICV-LI est une approche psychocorporelle bas\u00e9e sur la th\u00e9orie de l\u2019attachement et sur les neurosciences, entre autres la th\u00e9orie polyvagale. L\u2019ICV vous soutient pour traverser et laisser derri\u00e8re vous le(s) \u00e9v\u00e9nement(s) traumatique(s) de votre vie. Il s\u2019agit d\u2019une fa\u00e7on douce et progressive de remettre du mouvement l\u00e0 o\u00f9 le temps s\u2019est arr\u00eat\u00e9, d\u2019actualiser votre ressenti pour vivre le moment pr\u00e9sent plus en s\u00e9curit\u00e9.<\/span><\/p><p lang=\"fr-BE\"><span style=\"color: #006666\">L\u2019approche de l\u2019ICV vous sera utile pour\u00a0:<\/span><\/p><ul><li><p lang=\"fr-BE\"><span style=\"color: #006666\">Vous apaiser et trouver de la s\u00e9curit\u00e9 int\u00e9rieure<\/span><\/p><\/li><li><p lang=\"fr-BE\"><span style=\"color: #006666\">Traverser et d\u00e9passer un \u00e9v\u00e9nement difficile aujourd\u2019hui<\/span><\/p><\/li><li><p lang=\"fr-BE\"><span style=\"color: #006666\">Faire la paix avec votre pass\u00e9<\/span><\/p><\/li><li><p lang=\"fr-BE\"><span style=\"color: #006666\">Diminuer le stress au quotidien<\/span><\/p><\/li><li><p lang=\"fr-BE\"><span style=\"color: #006666\">Mieux vous comprendre, vous conna\u00eetre, vous accepter<\/span><\/p><\/li><li><p lang=\"fr-BE\"><span style=\"color: #006666\">Am\u00e9liorer votre confiance en vous et en l\u2019autre<\/span><\/p><\/li><li><p lang=\"fr-BE\"><span style=\"color: #006666\">Vous remettre en mouvement<\/span><\/p><\/li><li><p lang=\"fr-BE\"><span style=\"color: #006666\">Vivre et appr\u00e9cier le moment pr\u00e9sent<\/span><\/p><\/li><\/ul><p lang=\"fr-BE\"><span style=\"color: #006666\">Ensemble, nous aidons votre syst\u00e8me \u00e0 int\u00e9grer le pass\u00e9 pour mieux vivre dans le pr\u00e9sent. L\u2019adulte en vous trouve son ancrage pour vivre les \u00e9v\u00e9nements actuels avec plus de justesse et de s\u00e9r\u00e9nit\u00e9.<\/span><\/p><p><a href=\"https:\/\/youtu.be\/HVVpa_-pLkE?si=Vn2IA9g0VufzNakn\">Vid\u00e9o sur traumatismes et syst\u00e8me nerveux (th\u00e9orie polyvagale)<\/a><span style=\"color: #006666\"><span style=\"font-family: Poppins, serif\">\u00a0<\/span><\/span><\/p><p><a href=\"https:\/\/youtu.be\/6ZLqxRxbz7s?si=LTq9R1_0ryvtyub1\"><span style=\"color: #006666\">Vid\u00e9o de Elise Castonguay sur l'ICV-LI<\/span><\/a><\/p>                                    <\/div>\n                                <\/div>\n\n                            <\/div>\n\n                                                    <div class=\"single_accourdion htmega-icon-align-right\">\n\n                                <div class=\"htmega-accourdion-title\">\n                                    <h2 data-toggle=\"htbcollapse\" data-target=\"#htmega-collapse3d5e66e8\" class=\"htb-collapsed htmega-items-hedding\">ARC (Action-Repr\u00e9sentation-Changement) <span class=\"accourdion-icon close-accourdion\"><svg class=\"e-font-icon-svg e-fas-minus\" viewBox=\"0 0 448 512\" xmlns=\"http:\/\/www.w3.org\/2000\/svg\"><path d=\"M416 208H32c-17.67 0-32 14.33-32 32v32c0 17.67 14.33 32 32 32h384c17.67 0 32-14.33 32-32v-32c0-17.67-14.33-32-32-32z\"><\/path><\/svg><\/span><span class=\"accourdion-icon open-accourdion\"><svg class=\"e-font-icon-svg e-fas-plus\" viewBox=\"0 0 448 512\" xmlns=\"http:\/\/www.w3.org\/2000\/svg\"><path d=\"M416 208H272V64c0-17.67-14.33-32-32-32h-32c-17.67 0-32 14.33-32 32v144H32c-17.67 0-32 14.33-32 32v32c0 17.67 14.33 32 32 32h144v144c0 17.67 14.33 32 32 32h32c17.67 0 32-14.33 32-32V304h144c17.67 0 32-14.33 32-32v-32c0-17.67-14.33-32-32-32z\"><\/path><\/svg><\/span><\/h2>                                <\/div>\n\n                                <div id=\"htmega-collapse3d5e66e8\" class=\"htb-collapse \" data-parent=\"#accordionExampled5e66e8\" >\n                                    <div class=\"accordion-content\">\n                                        <p><span style=\"color: #008080\">La m\u00e9thode ARC se base sur une s\u00e9rie d'outils, de techniques et de cl\u00e9s qui facilitent le travail de groupe en intelligence collective.<\/span><\/p><p><span style=\"color: #008080\">Ces outils proviennent d'une longue exp\u00e9rience sur le terrain de Chantal N\u00e8ve-Hanquet et Agathe Crespel, psychologues et formatrices au <a style=\"color: #008080\" href=\"https:\/\/www.cfip.be\/page\/arc\/f1.html\">CFIP<\/a>.<\/span><\/p><p><span style=\"color: #008080\">Voici quelques \u00e9l\u00e9ments caract\u00e9risant la m\u00e9thode ARC :<\/span><\/p><p><span style=\"color: #008080\">Le travail en groupe exige de la pr\u00e9sence et de la\u00a0 cr\u00e9ativit\u00e9 de la part de la facilitatrice, mais surtout une attitude qui soutient l'\u00e9mergence de la cr\u00e9ativit\u00e9 de chacun dans le groupe.<\/span><\/p><p><span style=\"color: #008080\">Un cadre de s\u00e9curit\u00e9 clair permet au groupe de d\u00e9ployer ses richesses.<\/span><\/p><p><span style=\"color: #008080\">Gr\u00e2ce \u00e0 des propositions de mises en action et en mouvement, de l'information personnelle et groupale se r\u00e9v\u00e8le. De nouveaux points de vue apparaissent.<\/span><\/p><p><span style=\"color: #008080\">Voir une situation d'un autre angle nous am\u00e8ne \u00e0 r\u00e9fl\u00e9chir, choisir, agir, exprimer diff\u00e9remment. Enfin, la dynamique de l'exp\u00e9rience nous guide vers du changement.<\/span><\/p>                                    <\/div>\n                                <\/div>\n\n                            <\/div>\n\n                        <\/div>\t\t\t\t<\/div>\n\t\t\t\t<\/div>\n\t\t\t\t<\/div>\n\t\t\t\t\t<\/div>\n\t\t\t\t<\/div>\n\t\t\t\t<\/div>\n\t\t","protected":false},"excerpt":{"rendered":"<p>L&rsquo;accompagnement psychoth\u00e9rapeutique que je propose est avant tout de l&rsquo;\u00e9coute, de la pr\u00e9sence et de l&rsquo;ajustement \u00e0 ce qui \u00e9merge dans l&rsquo;ici et maintenant.\u00a0 Ma posture de gestalt-th\u00e9rapeute \u00e9tablit un cadre d&rsquo;accueil renouvel\u00e9 \u00e0 chaque rencontre. Je prends particuli\u00e8rement soin de cr\u00e9er et assurer la s\u00e9curit\u00e9 dans nos s\u00e9ances.A l&rsquo;\u00e9coute de votre demande,\u00a0 je choisirai [&hellip;]<\/p>\n","protected":false},"author":1,"featured_media":0,"parent":0,"menu_order":0,"comment_status":"closed","ping_status":"closed","template":"","meta":{"footnotes":""},"class_list":["post-41","page","type-page","status-publish","hentry"],"yoast_head":"<!-- This site is optimized with the Yoast SEO plugin v27.4 - https:\/\/yoast.com\/product\/yoast-seo-wordpress\/ -->\n<title>Comment ? - CarineBossuyt<\/title>\n<meta name=\"robots\" content=\"index, follow, max-snippet:-1, max-image-preview:large, max-video-preview:-1\" \/>\n<link rel=\"canonical\" href=\"https:\/\/carinebossuyt.be\/index.php\/comment\/\" \/>\n<meta property=\"og:locale\" content=\"fr_FR\" \/>\n<meta property=\"og:type\" content=\"article\" \/>\n<meta property=\"og:title\" content=\"Comment ? - CarineBossuyt\" \/>\n<meta property=\"og:description\" content=\"L&rsquo;accompagnement psychoth\u00e9rapeutique que je propose est avant tout de l&rsquo;\u00e9coute, de la pr\u00e9sence et de l&rsquo;ajustement \u00e0 ce qui \u00e9merge dans l&rsquo;ici et maintenant.\u00a0 Ma posture de gestalt-th\u00e9rapeute \u00e9tablit un cadre d&rsquo;accueil renouvel\u00e9 \u00e0 chaque rencontre. Je prends particuli\u00e8rement soin de cr\u00e9er et assurer la s\u00e9curit\u00e9 dans nos s\u00e9ances.A l&rsquo;\u00e9coute de votre demande,\u00a0 je choisirai [&hellip;]\" \/>\n<meta property=\"og:url\" content=\"https:\/\/carinebossuyt.be\/index.php\/comment\/\" \/>\n<meta property=\"og:site_name\" content=\"CarineBossuyt\" \/>\n<meta property=\"article:modified_time\" content=\"2026-02-20T10:47:42+00:00\" \/>\n<meta property=\"og:image\" content=\"https:\/\/carinebossuyt.be\/wp-content\/uploads\/2025\/08\/20250713_141221-scaled.jpg\" \/>\n\t<meta property=\"og:image:width\" content=\"2560\" \/>\n\t<meta property=\"og:image:height\" content=\"1440\" \/>\n\t<meta property=\"og:image:type\" content=\"image\/jpeg\" \/>\n<meta name=\"twitter:card\" content=\"summary_large_image\" \/>\n<meta name=\"twitter:label1\" content=\"Dur\u00e9e de lecture estim\u00e9e\" \/>\n\t<meta name=\"twitter:data1\" content=\"3 minutes\" \/>\n<script type=\"application\/ld+json\" class=\"yoast-schema-graph\">{\"@context\":\"https:\\\/\\\/schema.org\",\"@graph\":[{\"@type\":\"WebPage\",\"@id\":\"https:\\\/\\\/carinebossuyt.be\\\/index.php\\\/comment\\\/\",\"url\":\"https:\\\/\\\/carinebossuyt.be\\\/index.php\\\/comment\\\/\",\"name\":\"Comment ? - CarineBossuyt\",\"isPartOf\":{\"@id\":\"https:\\\/\\\/carinebossuyt.be\\\/#website\"},\"primaryImageOfPage\":{\"@id\":\"https:\\\/\\\/carinebossuyt.be\\\/index.php\\\/comment\\\/#primaryimage\"},\"image\":{\"@id\":\"https:\\\/\\\/carinebossuyt.be\\\/index.php\\\/comment\\\/#primaryimage\"},\"thumbnailUrl\":\"https:\\\/\\\/carinebossuyt.be\\\/wp-content\\\/uploads\\\/2025\\\/08\\\/20250713_141221-1024x576.jpg\",\"datePublished\":\"2025-08-04T18:53:13+00:00\",\"dateModified\":\"2026-02-20T10:47:42+00:00\",\"breadcrumb\":{\"@id\":\"https:\\\/\\\/carinebossuyt.be\\\/index.php\\\/comment\\\/#breadcrumb\"},\"inLanguage\":\"fr-FR\",\"potentialAction\":[{\"@type\":\"ReadAction\",\"target\":[\"https:\\\/\\\/carinebossuyt.be\\\/index.php\\\/comment\\\/\"]}]},{\"@type\":\"ImageObject\",\"inLanguage\":\"fr-FR\",\"@id\":\"https:\\\/\\\/carinebossuyt.be\\\/index.php\\\/comment\\\/#primaryimage\",\"url\":\"https:\\\/\\\/carinebossuyt.be\\\/wp-content\\\/uploads\\\/2025\\\/08\\\/20250713_141221-scaled.jpg\",\"contentUrl\":\"https:\\\/\\\/carinebossuyt.be\\\/wp-content\\\/uploads\\\/2025\\\/08\\\/20250713_141221-scaled.jpg\",\"width\":2560,\"height\":1440},{\"@type\":\"BreadcrumbList\",\"@id\":\"https:\\\/\\\/carinebossuyt.be\\\/index.php\\\/comment\\\/#breadcrumb\",\"itemListElement\":[{\"@type\":\"ListItem\",\"position\":1,\"name\":\"Accueil\",\"item\":\"https:\\\/\\\/carinebossuyt.be\\\/\"},{\"@type\":\"ListItem\",\"position\":2,\"name\":\"Comment ?\"}]},{\"@type\":\"WebSite\",\"@id\":\"https:\\\/\\\/carinebossuyt.be\\\/#website\",\"url\":\"https:\\\/\\\/carinebossuyt.be\\\/\",\"name\":\"CarineBossuyt\",\"description\":\"\",\"potentialAction\":[{\"@type\":\"SearchAction\",\"target\":{\"@type\":\"EntryPoint\",\"urlTemplate\":\"https:\\\/\\\/carinebossuyt.be\\\/?s={search_term_string}\"},\"query-input\":{\"@type\":\"PropertyValueSpecification\",\"valueRequired\":true,\"valueName\":\"search_term_string\"}}],\"inLanguage\":\"fr-FR\"}]}<\/script>\n<!-- \/ Yoast SEO plugin. -->","yoast_head_json":{"title":"Comment ? - CarineBossuyt","robots":{"index":"index","follow":"follow","max-snippet":"max-snippet:-1","max-image-preview":"max-image-preview:large","max-video-preview":"max-video-preview:-1"},"canonical":"https:\/\/carinebossuyt.be\/index.php\/comment\/","og_locale":"fr_FR","og_type":"article","og_title":"Comment ? - CarineBossuyt","og_description":"L&rsquo;accompagnement psychoth\u00e9rapeutique que je propose est avant tout de l&rsquo;\u00e9coute, de la pr\u00e9sence et de l&rsquo;ajustement \u00e0 ce qui \u00e9merge dans l&rsquo;ici et maintenant.\u00a0 Ma posture de gestalt-th\u00e9rapeute \u00e9tablit un cadre d&rsquo;accueil renouvel\u00e9 \u00e0 chaque rencontre. Je prends particuli\u00e8rement soin de cr\u00e9er et assurer la s\u00e9curit\u00e9 dans nos s\u00e9ances.A l&rsquo;\u00e9coute de votre demande,\u00a0 je choisirai [&hellip;]","og_url":"https:\/\/carinebossuyt.be\/index.php\/comment\/","og_site_name":"CarineBossuyt","article_modified_time":"2026-02-20T10:47:42+00:00","og_image":[{"width":2560,"height":1440,"url":"https:\/\/carinebossuyt.be\/wp-content\/uploads\/2025\/08\/20250713_141221-scaled.jpg","type":"image\/jpeg"}],"twitter_card":"summary_large_image","twitter_misc":{"Dur\u00e9e de lecture estim\u00e9e":"3 minutes"},"schema":{"@context":"https:\/\/schema.org","@graph":[{"@type":"WebPage","@id":"https:\/\/carinebossuyt.be\/index.php\/comment\/","url":"https:\/\/carinebossuyt.be\/index.php\/comment\/","name":"Comment ? - CarineBossuyt","isPartOf":{"@id":"https:\/\/carinebossuyt.be\/#website"},"primaryImageOfPage":{"@id":"https:\/\/carinebossuyt.be\/index.php\/comment\/#primaryimage"},"image":{"@id":"https:\/\/carinebossuyt.be\/index.php\/comment\/#primaryimage"},"thumbnailUrl":"https:\/\/carinebossuyt.be\/wp-content\/uploads\/2025\/08\/20250713_141221-1024x576.jpg","datePublished":"2025-08-04T18:53:13+00:00","dateModified":"2026-02-20T10:47:42+00:00","breadcrumb":{"@id":"https:\/\/carinebossuyt.be\/index.php\/comment\/#breadcrumb"},"inLanguage":"fr-FR","potentialAction":[{"@type":"ReadAction","target":["https:\/\/carinebossuyt.be\/index.php\/comment\/"]}]},{"@type":"ImageObject","inLanguage":"fr-FR","@id":"https:\/\/carinebossuyt.be\/index.php\/comment\/#primaryimage","url":"https:\/\/carinebossuyt.be\/wp-content\/uploads\/2025\/08\/20250713_141221-scaled.jpg","contentUrl":"https:\/\/carinebossuyt.be\/wp-content\/uploads\/2025\/08\/20250713_141221-scaled.jpg","width":2560,"height":1440},{"@type":"BreadcrumbList","@id":"https:\/\/carinebossuyt.be\/index.php\/comment\/#breadcrumb","itemListElement":[{"@type":"ListItem","position":1,"name":"Accueil","item":"https:\/\/carinebossuyt.be\/"},{"@type":"ListItem","position":2,"name":"Comment ?"}]},{"@type":"WebSite","@id":"https:\/\/carinebossuyt.be\/#website","url":"https:\/\/carinebossuyt.be\/","name":"CarineBossuyt","description":"","potentialAction":[{"@type":"SearchAction","target":{"@type":"EntryPoint","urlTemplate":"https:\/\/carinebossuyt.be\/?s={search_term_string}"},"query-input":{"@type":"PropertyValueSpecification","valueRequired":true,"valueName":"search_term_string"}}],"inLanguage":"fr-FR"}]}},"_links":{"self":[{"href":"https:\/\/carinebossuyt.be\/index.php\/wp-json\/wp\/v2\/pages\/41","targetHints":{"allow":["GET"]}}],"collection":[{"href":"https:\/\/carinebossuyt.be\/index.php\/wp-json\/wp\/v2\/pages"}],"about":[{"href":"https:\/\/carinebossuyt.be\/index.php\/wp-json\/wp\/v2\/types\/page"}],"author":[{"embeddable":true,"href":"https:\/\/carinebossuyt.be\/index.php\/wp-json\/wp\/v2\/users\/1"}],"replies":[{"embeddable":true,"href":"https:\/\/carinebossuyt.be\/index.php\/wp-json\/wp\/v2\/comments?post=41"}],"version-history":[{"count":25,"href":"https:\/\/carinebossuyt.be\/index.php\/wp-json\/wp\/v2\/pages\/41\/revisions"}],"predecessor-version":[{"id":500,"href":"https:\/\/carinebossuyt.be\/index.php\/wp-json\/wp\/v2\/pages\/41\/revisions\/500"}],"wp:attachment":[{"href":"https:\/\/carinebossuyt.be\/index.php\/wp-json\/wp\/v2\/media?parent=41"}],"curies":[{"name":"wp","href":"https:\/\/api.w.org\/{rel}","templated":true}]}}