{"id":43,"date":"2025-07-18T09:44:02","date_gmt":"2025-07-18T07:44:02","guid":{"rendered":"http:\/\/carinebossuyt.be\/?page_id=43"},"modified":"2026-02-20T12:36:11","modified_gmt":"2026-02-20T10:36:11","slug":"mon-parcours","status":"publish","type":"page","link":"https:\/\/carinebossuyt.be\/index.php\/mon-parcours\/","title":{"rendered":"Mon parcours"},"content":{"rendered":"\t\t<div data-elementor-type=\"wp-page\" data-elementor-id=\"43\" class=\"elementor elementor-43\" data-elementor-post-type=\"page\">\n\t\t\t\t<div class=\"elementor-element elementor-element-f323249 e-flex e-con-boxed e-con e-parent\" data-id=\"f323249\" data-element_type=\"container\" data-e-type=\"container\">\n\t\t\t\t\t<div class=\"e-con-inner\">\n\t\t\t\t<div class=\"elementor-element elementor-element-9a9adfe elementor-widget elementor-widget-heading\" data-id=\"9a9adfe\" data-element_type=\"widget\" data-e-type=\"widget\" data-widget_type=\"heading.default\">\n\t\t\t\t\t<h2 class=\"elementor-heading-title elementor-size-default\">Court auto-portrait<\/h2>\t\t\t\t<\/div>\n\t\t\t\t<div class=\"elementor-element elementor-element-b356553 elementor-widget elementor-widget-heading\" data-id=\"b356553\" data-element_type=\"widget\" data-e-type=\"widget\" data-widget_type=\"heading.default\">\n\t\t\t\t\t<h2 class=\"elementor-heading-title elementor-size-default\">Ajoutez votre titre ici<\/h2>\t\t\t\t<\/div>\n\t\t\t\t\t<\/div>\n\t\t\t\t<\/div>\n\t\t<div class=\"elementor-element elementor-element-214a736 e-con-full e-flex e-con e-parent\" data-id=\"214a736\" data-element_type=\"container\" data-e-type=\"container\">\n\t\t<div class=\"elementor-element elementor-element-be9afb3 e-con-full e-flex e-con e-child\" data-id=\"be9afb3\" data-element_type=\"container\" data-e-type=\"container\">\n\t\t\t\t<div class=\"elementor-element elementor-element-9936e07 elementor-widget elementor-widget-image\" data-id=\"9936e07\" data-element_type=\"widget\" data-e-type=\"widget\" data-widget_type=\"image.default\">\n\t\t\t\t\t\t\t\t\t\t\t\t\t\t\t<img fetchpriority=\"high\" decoding=\"async\" width=\"800\" height=\"600\" src=\"https:\/\/carinebossuyt.be\/wp-content\/uploads\/2025\/07\/20220903_104551_portrait-1024x768.jpg\" class=\"attachment-large size-large wp-image-9\" alt=\"\" srcset=\"https:\/\/carinebossuyt.be\/wp-content\/uploads\/2025\/07\/20220903_104551_portrait-1024x768.jpg 1024w, https:\/\/carinebossuyt.be\/wp-content\/uploads\/2025\/07\/20220903_104551_portrait-300x225.jpg 300w, https:\/\/carinebossuyt.be\/wp-content\/uploads\/2025\/07\/20220903_104551_portrait-768x576.jpg 768w, https:\/\/carinebossuyt.be\/wp-content\/uploads\/2025\/07\/20220903_104551_portrait-1536x1152.jpg 1536w, https:\/\/carinebossuyt.be\/wp-content\/uploads\/2025\/07\/20220903_104551_portrait-2048x1536.jpg 2048w\" sizes=\"(max-width: 800px) 100vw, 800px\" \/>\t\t\t\t\t\t\t\t\t\t\t\t\t\t\t<\/div>\n\t\t\t\t<\/div>\n\t\t<div class=\"elementor-element elementor-element-501dbec e-con-full e-flex e-con e-child\" data-id=\"501dbec\" data-element_type=\"container\" data-e-type=\"container\">\n\t\t\t\t<div class=\"elementor-element elementor-element-7cb9067 elementor-widget elementor-widget-text-editor\" data-id=\"7cb9067\" data-element_type=\"widget\" data-e-type=\"widget\" data-widget_type=\"text-editor.default\">\n\t\t\t\t\t\t\t\t\t<p>Mes \u00e9tudes en langues et litt\u00e9rature compar\u00e9e \u00e0 l\u2019Universit\u00e9 de Californie m\u2019ont amen\u00e9e \u00e0 m\u2019int\u00e9resser \u00e0 l\u2019\u00eatre humain, ses modes d\u2019expression, ses motivations, ses id\u00e9aux, ses souffrances, ses doutes. J\u2019ai v\u00e9cu six ans en Californie et sept ans en Espagne : Je me suis naturellement ouverte \u00e0 l\u2019inhabituel, la nouveaut\u00e9, la multiplicit\u00e9 des points de vue, la diversit\u00e9 des modes de communication.<\/p>\n<p>\u00a0<\/p>\n<p>J\u2019ai commenc\u00e9 \u00e0 recevoir des personnes en th\u00e9rapie en 2001, d\u2019abord avec des approches psychocorporelles, puis soutenue par la Gestalt-th\u00e9rapie. De nombreuses formations compl\u00e9mentaires enrichissent mon parcours depuis. Je me suis sp\u00e9cialis\u00e9e dans l&rsquo;accompagnement de personnes traversant un burn-out, puis de celles qui portent des traumas encore non r\u00e9solus.<\/p>\n<p>\u00a0<\/p>\n<p>J&rsquo;ai cr\u00e9\u00e9 plusieurs projets autours du burn-out, entre autres au sein de l&rsquo;\u00e9quipe pluridisciplinaire du centre COTA \u00e0 Rixensart, sous forme d&rsquo; intervisions, conf\u00e9rences, ateliers, groupes de parole, jardin th\u00e9rapeutique. J&rsquo;ai aussi collabor\u00e9 \u00e0 l&rsquo;\u00e9criture d&rsquo;un article paru dans \u00ab\u00a0<a href=\"https:\/\/carinebossuyt.be\/index.php\/2026\/02\/20\/la-gestalt-therapie-dans-laccompagnement-des-personnes-en-burnout\/\">Regards Crois\u00e9s sur le Burn-Out<\/a>\u00a0\u00bb publi\u00e9 en 2023 aux Editions du Panth\u00e9on.<\/p>\n<p><!-- \/wp:paragraph --><!-- wp:paragraph --><\/p>\n<p><!-- \/wp:paragraph --><!-- wp:paragraph --><\/p>\t\t\t\t\t\t\t\t<\/div>\n\t\t\t\t<div class=\"elementor-element elementor-element-49117e6 text-expander elementor-widget elementor-widget-n-accordion\" data-id=\"49117e6\" data-element_type=\"widget\" data-e-type=\"widget\" data-settings=\"{&quot;default_state&quot;:&quot;all_collapsed&quot;,&quot;max_items_expended&quot;:&quot;one&quot;,&quot;n_accordion_animation_duration&quot;:{&quot;unit&quot;:&quot;ms&quot;,&quot;size&quot;:400,&quot;sizes&quot;:[]}}\" data-widget_type=\"nested-accordion.default\">\n\t\t\t\t\t\t\t<div class=\"e-n-accordion\" aria-label=\"Accordion. Open links with Enter or Space, close with Escape, and navigate with Arrow Keys\">\n\t\t\t\t\t\t<details id=\"e-n-accordion-item-7660\" class=\"e-n-accordion-item\" >\n\t\t\t\t<summary class=\"e-n-accordion-item-title\" data-accordion-index=\"1\" tabindex=\"0\" aria-expanded=\"false\" aria-controls=\"e-n-accordion-item-7660\" >\n\t\t\t\t\t<span class='e-n-accordion-item-title-header'><div class=\"e-n-accordion-item-title-text\"> Lire <span class=\"read-more\">Plus<\/span><span class=\"read-less\">Moins<\/span> <\/div><\/span>\n\t\t\t\t\t\t\t<span class='e-n-accordion-item-title-icon'>\n\t\t\t<span class='e-opened' ><svg aria-hidden=\"true\" class=\"e-font-icon-svg e-fas-arrow-up\" viewBox=\"0 0 448 512\" xmlns=\"http:\/\/www.w3.org\/2000\/svg\"><path d=\"M34.9 289.5l-22.2-22.2c-9.4-9.4-9.4-24.6 0-33.9L207 39c9.4-9.4 24.6-9.4 33.9 0l194.3 194.3c9.4 9.4 9.4 24.6 0 33.9L413 289.4c-9.5 9.5-25 9.3-34.3-.4L264 168.6V456c0 13.3-10.7 24-24 24h-32c-13.3 0-24-10.7-24-24V168.6L69.2 289.1c-9.3 9.8-24.8 10-34.3.4z\"><\/path><\/svg><\/span>\n\t\t\t<span class='e-closed'><svg aria-hidden=\"true\" class=\"e-font-icon-svg e-fas-arrow-down\" viewBox=\"0 0 448 512\" xmlns=\"http:\/\/www.w3.org\/2000\/svg\"><path d=\"M413.1 222.5l22.2 22.2c9.4 9.4 9.4 24.6 0 33.9L241 473c-9.4 9.4-24.6 9.4-33.9 0L12.7 278.6c-9.4-9.4-9.4-24.6 0-33.9l22.2-22.2c9.5-9.5 25-9.3 34.3.4L184 343.4V56c0-13.3 10.7-24 24-24h32c13.3 0 24 10.7 24 24v287.4l114.8-120.5c9.3-9.8 24.8-10 34.3-.4z\"><\/path><\/svg><\/span>\n\t\t<\/span>\n\n\t\t\t\t\t\t<\/summary>\n\t\t\t\t<div role=\"region\" aria-labelledby=\"e-n-accordion-item-7660\" class=\"elementor-element elementor-element-d64a1a4 e-con-full e-flex e-con e-child\" data-id=\"d64a1a4\" data-element_type=\"container\" data-e-type=\"container\">\n\t\t\t\t<div class=\"elementor-element elementor-element-55a1df3 elementor-widget elementor-widget-text-editor\" data-id=\"55a1df3\" data-element_type=\"widget\" data-e-type=\"widget\" data-widget_type=\"text-editor.default\">\n\t\t\t\t\t\t\t\t\t<p><strong>Formation\u00a0:<\/strong><\/p>\n<p><!-- \/wp:paragraph --><!-- wp:paragraph --><\/p>\n<p>Je me suis form\u00e9e en Gestalt \u00e0 Barcelone et \u00e0 Bruxelles (<a href=\"http:\/\/www.gestalt.be\/\">Institut Belge de Gestalt<\/a>). Je suis\u00a0certifi\u00e9e en psychopathologie (<a href=\"http:\/\/www.ifts.be\/\">IFTS<\/a>), dans l\u2019accompagnement de personnes en burn out professionnel et parental (<a href=\"https:\/\/uclouvain.be\/prog-2025-bupp2fc-programme\">UCLouvain<\/a>) et en Gestalt syst\u00e9mique familiale.<\/p>\n<p><!-- \/wp:paragraph --><!-- wp:paragraph --><\/p>\n<p>Ensuite, mon int\u00e9r\u00eat particulier pour les traumatismes psychologiques\/\u00e9motionnels m\u2019a amen\u00e9e \u00e0 me former en <a href=\"http:\/\/aficv.com\/\">ICV-LI\u00a0<\/a>(int\u00e9gration du cycle de la vie\/lifespan integration, \u00e0\u00a0<a href=\"https:\/\/www.institut-double-helice.fr\/\">l&rsquo;Institut Double H\u00e9lice<\/a>).<\/p>\n<p><!-- \/wp:paragraph --><!-- wp:paragraph --><\/p>\n<p>Et enfin, j\u2019ai acquis les outils de l\u2019approche ARC (<a href=\"https:\/\/arc-facilitation.com\/\">Action-Repr\u00e9sentation-Changement<\/a>, transmise au CFIP), pour travailler avec des groupes en intelligence collective.<\/p>\n<p>\u00a0<\/p>\n<p>Par ailleurs, je d\u00e9finirais mon travail th\u00e9rapeutique personnel depuis plus de trente ans, comme un outil essentiel pour affiner ma conscience et ma perception. La supervision et la formation continue prolongent cette exp\u00e9rience d\u2019enrichissement et de questionnement.<\/p>\n<p>\u00a0<\/p>\n<p>Je suis encadr\u00e9e professionnellement par l\u2019Association Belge de Psychoth\u00e9rapie (je d\u00e9tiens le<br \/>certificat europ\u00e9en de psychoth\u00e9rapie) et par la Soci\u00e9t\u00e9 Belge de Gestalt (dont je suis membre effective et active). Je me r\u00e9f\u00e8re \u00e0 son code d\u2019\u00e9thique et de d\u00e9ontologie.<\/p>\n<p>\u00a0<\/p>\n<p><strong>Domaines de comp\u00e9tence\u00a0:<\/strong><\/p>\n<p><!-- \/wp:paragraph --><!-- wp:paragraph --><\/p>\n<p><!-- \/wp:paragraph --><!-- wp:paragraph --><\/p>\n<p><!-- \/wp:paragraph --><!-- wp:paragraph --><\/p>\n<p><!-- \/wp:paragraph --><!-- wp:paragraph --><\/p>\n<ul>\n<li>Accompagnement de personnes en burn out (professionnel, parental et familial)<!-- \/wp:paragraph --><!-- wp:paragraph --><\/li>\n<li>Stress, anxi\u00e9t\u00e9, \u00e9motions et traumas<!-- \/wp:paragraph --><!-- wp:paragraph --><\/li>\n<li>Soutien parental<!-- \/wp:paragraph --><!-- wp:paragraph --><\/li>\n<li>Couples et relations familiales<!-- \/wp:paragraph --><!-- wp:paragraph --><\/li>\n<li>Relation \u00e0 soi et \u00e0 l\u2019autre<\/li>\n<li>Questions existentielles, sur la vie, le sens, notre place dans le monde d\u2019aujourd\u2019hui<!-- \/wp:paragraph --><!-- wp:paragraph --><!-- \/wp:paragraph --><!-- wp:paragraph --><\/li>\n<li>Facilitation de groupes d&rsquo;exploration personnelle, de parole, d&rsquo;intervision<\/li>\n<li>Accompagnement de pratique professionnelle<\/li>\n<\/ul>\t\t\t\t\t\t\t\t<\/div>\n\t\t\t\t<\/div>\n\t\t\t\t\t<\/details>\n\t\t\t\t\t<\/div>\n\t\t\t\t\t\t<\/div>\n\t\t\t\t<\/div>\n\t\t\t\t<\/div>\n\t\t\t\t<\/div>\n\t\t","protected":false},"excerpt":{"rendered":"<p>Court auto-portrait Ajoutez votre titre ici Mes \u00e9tudes en langues et litt\u00e9rature compar\u00e9e \u00e0 l\u2019Universit\u00e9 de Californie m\u2019ont amen\u00e9e \u00e0 m\u2019int\u00e9resser \u00e0 l\u2019\u00eatre humain, ses modes d\u2019expression, ses motivations, ses id\u00e9aux, ses souffrances, ses doutes. J\u2019ai v\u00e9cu six ans en Californie et sept ans en Espagne : Je me suis naturellement ouverte \u00e0 l\u2019inhabituel, la [&hellip;]<\/p>\n","protected":false},"author":1,"featured_media":0,"parent":0,"menu_order":0,"comment_status":"closed","ping_status":"closed","template":"","meta":{"footnotes":""},"class_list":["post-43","page","type-page","status-publish","hentry"],"yoast_head":"<!-- This site is optimized with the Yoast SEO plugin v27.4 - https:\/\/yoast.com\/product\/yoast-seo-wordpress\/ -->\n<title>Mon parcours - CarineBossuyt<\/title>\n<meta name=\"description\" content=\"psychoth\u00e9rapie gestalt burn out icv trauma groupe de parole Cota\" \/>\n<meta name=\"robots\" content=\"index, follow, max-snippet:-1, max-image-preview:large, max-video-preview:-1\" \/>\n<link rel=\"canonical\" href=\"https:\/\/carinebossuyt.be\/index.php\/mon-parcours\/\" \/>\n<meta property=\"og:locale\" content=\"fr_FR\" \/>\n<meta property=\"og:type\" content=\"article\" \/>\n<meta property=\"og:title\" content=\"Mon parcours - CarineBossuyt\" \/>\n<meta property=\"og:description\" content=\"psychoth\u00e9rapie gestalt burn out icv trauma groupe de parole Cota\" \/>\n<meta property=\"og:url\" content=\"https:\/\/carinebossuyt.be\/index.php\/mon-parcours\/\" \/>\n<meta property=\"og:site_name\" content=\"CarineBossuyt\" \/>\n<meta property=\"article:modified_time\" content=\"2026-02-20T10:36:11+00:00\" \/>\n<meta property=\"og:image\" content=\"https:\/\/carinebossuyt.be\/wp-content\/uploads\/2025\/07\/20220903_104551_portrait-scaled.jpg\" \/>\n\t<meta property=\"og:image:width\" content=\"2560\" \/>\n\t<meta property=\"og:image:height\" content=\"1920\" \/>\n\t<meta property=\"og:image:type\" content=\"image\/jpeg\" \/>\n<meta name=\"twitter:card\" content=\"summary_large_image\" \/>\n<meta name=\"twitter:label1\" content=\"Dur\u00e9e de lecture estim\u00e9e\" \/>\n\t<meta name=\"twitter:data1\" content=\"4 minutes\" \/>\n<script type=\"application\/ld+json\" class=\"yoast-schema-graph\">{\"@context\":\"https:\\\/\\\/schema.org\",\"@graph\":[{\"@type\":\"WebPage\",\"@id\":\"https:\\\/\\\/carinebossuyt.be\\\/index.php\\\/mon-parcours\\\/\",\"url\":\"https:\\\/\\\/carinebossuyt.be\\\/index.php\\\/mon-parcours\\\/\",\"name\":\"Mon parcours - CarineBossuyt\",\"isPartOf\":{\"@id\":\"https:\\\/\\\/carinebossuyt.be\\\/#website\"},\"primaryImageOfPage\":{\"@id\":\"https:\\\/\\\/carinebossuyt.be\\\/index.php\\\/mon-parcours\\\/#primaryimage\"},\"image\":{\"@id\":\"https:\\\/\\\/carinebossuyt.be\\\/index.php\\\/mon-parcours\\\/#primaryimage\"},\"thumbnailUrl\":\"https:\\\/\\\/carinebossuyt.be\\\/wp-content\\\/uploads\\\/2025\\\/07\\\/20220903_104551_portrait-1024x768.jpg\",\"datePublished\":\"2025-07-18T07:44:02+00:00\",\"dateModified\":\"2026-02-20T10:36:11+00:00\",\"description\":\"psychoth\u00e9rapie gestalt burn out icv trauma groupe de parole Cota\",\"breadcrumb\":{\"@id\":\"https:\\\/\\\/carinebossuyt.be\\\/index.php\\\/mon-parcours\\\/#breadcrumb\"},\"inLanguage\":\"fr-FR\",\"potentialAction\":[{\"@type\":\"ReadAction\",\"target\":[\"https:\\\/\\\/carinebossuyt.be\\\/index.php\\\/mon-parcours\\\/\"]}]},{\"@type\":\"ImageObject\",\"inLanguage\":\"fr-FR\",\"@id\":\"https:\\\/\\\/carinebossuyt.be\\\/index.php\\\/mon-parcours\\\/#primaryimage\",\"url\":\"https:\\\/\\\/carinebossuyt.be\\\/wp-content\\\/uploads\\\/2025\\\/07\\\/20220903_104551_portrait-scaled.jpg\",\"contentUrl\":\"https:\\\/\\\/carinebossuyt.be\\\/wp-content\\\/uploads\\\/2025\\\/07\\\/20220903_104551_portrait-scaled.jpg\",\"width\":2560,\"height\":1920},{\"@type\":\"BreadcrumbList\",\"@id\":\"https:\\\/\\\/carinebossuyt.be\\\/index.php\\\/mon-parcours\\\/#breadcrumb\",\"itemListElement\":[{\"@type\":\"ListItem\",\"position\":1,\"name\":\"Accueil\",\"item\":\"https:\\\/\\\/carinebossuyt.be\\\/\"},{\"@type\":\"ListItem\",\"position\":2,\"name\":\"Mon parcours\"}]},{\"@type\":\"WebSite\",\"@id\":\"https:\\\/\\\/carinebossuyt.be\\\/#website\",\"url\":\"https:\\\/\\\/carinebossuyt.be\\\/\",\"name\":\"CarineBossuyt\",\"description\":\"\",\"potentialAction\":[{\"@type\":\"SearchAction\",\"target\":{\"@type\":\"EntryPoint\",\"urlTemplate\":\"https:\\\/\\\/carinebossuyt.be\\\/?s={search_term_string}\"},\"query-input\":{\"@type\":\"PropertyValueSpecification\",\"valueRequired\":true,\"valueName\":\"search_term_string\"}}],\"inLanguage\":\"fr-FR\"}]}<\/script>\n<!-- \/ Yoast SEO plugin. -->","yoast_head_json":{"title":"Mon parcours - CarineBossuyt","description":"psychoth\u00e9rapie gestalt burn out icv trauma groupe de parole Cota","robots":{"index":"index","follow":"follow","max-snippet":"max-snippet:-1","max-image-preview":"max-image-preview:large","max-video-preview":"max-video-preview:-1"},"canonical":"https:\/\/carinebossuyt.be\/index.php\/mon-parcours\/","og_locale":"fr_FR","og_type":"article","og_title":"Mon parcours - CarineBossuyt","og_description":"psychoth\u00e9rapie gestalt burn out icv trauma groupe de parole Cota","og_url":"https:\/\/carinebossuyt.be\/index.php\/mon-parcours\/","og_site_name":"CarineBossuyt","article_modified_time":"2026-02-20T10:36:11+00:00","og_image":[{"width":2560,"height":1920,"url":"https:\/\/carinebossuyt.be\/wp-content\/uploads\/2025\/07\/20220903_104551_portrait-scaled.jpg","type":"image\/jpeg"}],"twitter_card":"summary_large_image","twitter_misc":{"Dur\u00e9e de lecture estim\u00e9e":"4 minutes"},"schema":{"@context":"https:\/\/schema.org","@graph":[{"@type":"WebPage","@id":"https:\/\/carinebossuyt.be\/index.php\/mon-parcours\/","url":"https:\/\/carinebossuyt.be\/index.php\/mon-parcours\/","name":"Mon parcours - CarineBossuyt","isPartOf":{"@id":"https:\/\/carinebossuyt.be\/#website"},"primaryImageOfPage":{"@id":"https:\/\/carinebossuyt.be\/index.php\/mon-parcours\/#primaryimage"},"image":{"@id":"https:\/\/carinebossuyt.be\/index.php\/mon-parcours\/#primaryimage"},"thumbnailUrl":"https:\/\/carinebossuyt.be\/wp-content\/uploads\/2025\/07\/20220903_104551_portrait-1024x768.jpg","datePublished":"2025-07-18T07:44:02+00:00","dateModified":"2026-02-20T10:36:11+00:00","description":"psychoth\u00e9rapie gestalt burn out icv trauma groupe de parole Cota","breadcrumb":{"@id":"https:\/\/carinebossuyt.be\/index.php\/mon-parcours\/#breadcrumb"},"inLanguage":"fr-FR","potentialAction":[{"@type":"ReadAction","target":["https:\/\/carinebossuyt.be\/index.php\/mon-parcours\/"]}]},{"@type":"ImageObject","inLanguage":"fr-FR","@id":"https:\/\/carinebossuyt.be\/index.php\/mon-parcours\/#primaryimage","url":"https:\/\/carinebossuyt.be\/wp-content\/uploads\/2025\/07\/20220903_104551_portrait-scaled.jpg","contentUrl":"https:\/\/carinebossuyt.be\/wp-content\/uploads\/2025\/07\/20220903_104551_portrait-scaled.jpg","width":2560,"height":1920},{"@type":"BreadcrumbList","@id":"https:\/\/carinebossuyt.be\/index.php\/mon-parcours\/#breadcrumb","itemListElement":[{"@type":"ListItem","position":1,"name":"Accueil","item":"https:\/\/carinebossuyt.be\/"},{"@type":"ListItem","position":2,"name":"Mon parcours"}]},{"@type":"WebSite","@id":"https:\/\/carinebossuyt.be\/#website","url":"https:\/\/carinebossuyt.be\/","name":"CarineBossuyt","description":"","potentialAction":[{"@type":"SearchAction","target":{"@type":"EntryPoint","urlTemplate":"https:\/\/carinebossuyt.be\/?s={search_term_string}"},"query-input":{"@type":"PropertyValueSpecification","valueRequired":true,"valueName":"search_term_string"}}],"inLanguage":"fr-FR"}]}},"_links":{"self":[{"href":"https:\/\/carinebossuyt.be\/index.php\/wp-json\/wp\/v2\/pages\/43","targetHints":{"allow":["GET"]}}],"collection":[{"href":"https:\/\/carinebossuyt.be\/index.php\/wp-json\/wp\/v2\/pages"}],"about":[{"href":"https:\/\/carinebossuyt.be\/index.php\/wp-json\/wp\/v2\/types\/page"}],"author":[{"embeddable":true,"href":"https:\/\/carinebossuyt.be\/index.php\/wp-json\/wp\/v2\/users\/1"}],"replies":[{"embeddable":true,"href":"https:\/\/carinebossuyt.be\/index.php\/wp-json\/wp\/v2\/comments?post=43"}],"version-history":[{"count":72,"href":"https:\/\/carinebossuyt.be\/index.php\/wp-json\/wp\/v2\/pages\/43\/revisions"}],"predecessor-version":[{"id":485,"href":"https:\/\/carinebossuyt.be\/index.php\/wp-json\/wp\/v2\/pages\/43\/revisions\/485"}],"wp:attachment":[{"href":"https:\/\/carinebossuyt.be\/index.php\/wp-json\/wp\/v2\/media?parent=43"}],"curies":[{"name":"wp","href":"https:\/\/api.w.org\/{rel}","templated":true}]}}