{"id":47,"date":"2025-08-04T21:31:02","date_gmt":"2025-08-04T19:31:02","guid":{"rendered":"http:\/\/carinebossuyt.be\/?page_id=47"},"modified":"2026-01-07T21:54:20","modified_gmt":"2026-01-07T19:54:20","slug":"contact-et-liens","status":"publish","type":"page","link":"https:\/\/carinebossuyt.be\/index.php\/contact-et-liens\/","title":{"rendered":"Contact et liens"},"content":{"rendered":"\t\t<div data-elementor-type=\"wp-page\" data-elementor-id=\"47\" class=\"elementor elementor-47\" data-elementor-post-type=\"page\">\n\t\t\t\t<div class=\"elementor-element elementor-element-686e9a9 e-flex e-con-boxed e-con e-parent\" data-id=\"686e9a9\" data-element_type=\"container\" data-e-type=\"container\">\n\t\t\t\t\t<div class=\"e-con-inner\">\n\t\t<div class=\"elementor-element elementor-element-b4fdf6d e-con-full e-flex e-con e-child\" data-id=\"b4fdf6d\" data-element_type=\"container\" data-e-type=\"container\">\n\t\t\t\t<div class=\"elementor-element elementor-element-6897e49 elementor-widget elementor-widget-text-editor\" data-id=\"6897e49\" data-element_type=\"widget\" data-e-type=\"widget\" data-widget_type=\"text-editor.default\">\n\t\t\t\t\t\t\t\t\t<p lang=\"fr-BE\"><strong><span style=\"color: #006666;\">Contact :<\/span><\/strong><\/p><p lang=\"fr-BE\"><strong><span style=\"color: #006666;\">Carine Bossuyt<\/span><\/strong><\/p><p lang=\"fr-BE\"><span style=\"color: #006666;\">Tel +32 (0)484 990 239 <\/span><\/p><p lang=\"fr-BE\"><span style=\"color: #006666;\">Je vous invite \u00e0 me contacter\u00a0par t\u00e9l\u00e9phone\u00a0pour toute information et prise de rendez-vous. Laissez-moi un message vocal si je suis indisponible. Je reviens vers vous d\u00e8s que possible.<\/span><\/p><p lang=\"fr-BE\"><span style=\"color: #006666;\">Un premier rendez-vous nous permettra de nous rencontrer et de clarifier votre demande. Nous organisons alors la fr\u00e9quence et l\u2019horaire des s\u00e9ances selon nos disponibilit\u00e9s respectives. <\/span><\/p><p lang=\"fr-BE\"><span style=\"color: #006666;\">L\u2019engagement pris pour un rendez-vous implique votre pr\u00e9sence physique (ou par visio, si la situation l\u2019exige). Tout rendez-vous non annul\u00e9 <span style=\"text-decoration: underline;\">au moins 48h ouvrables \u00e0 l\u2019avance reste d\u00fb.<\/span><\/span><\/p><p lang=\"fr-BE\"><span style=\"color: #006666;\">Je demande 70\u20ac\/heure, en individuel ou en couple\/duo.<\/span><\/p><p lang=\"fr-BE\"><span style=\"color: #006666;\">Certaines mutuelles remboursent partiellement les suivis en psychoth\u00e9rapie. Renseignez-vous aupr\u00e8s de votre compagnie.<\/span><\/p><p lang=\"fr-BE\"><strong><span style=\"color: #006666;\">Lieux de consultation\u00a0:<\/span><\/strong><\/p><p><span style=\"color: #006666;\"><span lang=\"fr-BE\">Jeudi apr\u00e8s-midi\u00a0: <\/span><\/span><a href=\"https:\/\/lacliniquedulien.be\/\">Clinique du Lien<\/a><span style=\"color: #006666;\"><span lang=\"fr-BE\">, Rue de la Station 35, 1332 Genval<\/span><\/span><\/p><p lang=\"fr-BE\"><span style=\"color: #006666;\">Les autres jours\u00a0: Cabinet priv\u00e9 pr\u00e8s de la gare de Rixensart, adresse fournie \u00e0 la prise de rendez-vous<\/span><\/p><p lang=\"fr-BE\"><span style=\"color: #006666;\"><b>Liens utiles :<\/b><\/span><\/p><p><a href=\"https:\/\/arc-facilitation.com\/formations-arc\/\">ARC (Action Repr\u00e9sentation Changement)<\/a><\/p><p><a href=\"https:\/\/abp-bvp.be\/?lang=fr\"><span lang=\"fr-BE\">Association Belge de Psychoth\u00e9rapie<\/span><\/a><\/p><p><a href=\"http:\/\/aficv.com\/\"><span lang=\"fr-BE\">Association Francophone d\u2019Int\u00e9gration du Cycle de la Vie<\/span><\/a><\/p><p><a href=\"https:\/\/www.aftd.eu\/page\/622823-accueil\"><span lang=\"fr-BE\">Association Francophone du Trauma et de la Dissociation<\/span><\/a><\/p><p><a href=\"https:\/\/www.burnoutparental.com\/\"><span lang=\"fr-BE\">Burn out parental<\/span><\/a><\/p><p><a href=\"https:\/\/lacliniquedulien.be\/\">La Clinique du Lien<\/a><\/p><p><a href=\"https:\/\/societebelgedegestalt.be\/\"><span lang=\"fr-BE\">Soci\u00e9t\u00e9 Belge de Gestalt<\/span><\/a><\/p><p><a href=\"https:\/\/www.youtube.com\/watch?v=HVVpa_-pLkE&amp;t=18s\"><span lang=\"fr-BE\">Trauma et th\u00e9orie polyvagale<\/span><\/a><\/p><p>\u00a0<\/p><p>\u00a0<\/p><p>\u00a0<\/p><p>\u00a0<\/p>\t\t\t\t\t\t\t\t<\/div>\n\t\t\t\t<\/div>\n\t\t<div class=\"elementor-element elementor-element-de70c80 e-con-full e-flex e-con e-child\" data-id=\"de70c80\" data-element_type=\"container\" data-e-type=\"container\">\n\t\t\t\t<div class=\"elementor-element elementor-element-0c9612c elementor-widget elementor-widget-image\" data-id=\"0c9612c\" data-element_type=\"widget\" data-e-type=\"widget\" data-widget_type=\"image.default\">\n\t\t\t\t\t\t\t\t\t\t\t\t\t\t\t<img fetchpriority=\"high\" decoding=\"async\" width=\"800\" height=\"600\" src=\"https:\/\/carinebossuyt.be\/wp-content\/uploads\/2025\/07\/coeur-vegetal-1024x768.jpg\" class=\"attachment-large size-large wp-image-20\" alt=\"\" srcset=\"https:\/\/carinebossuyt.be\/wp-content\/uploads\/2025\/07\/coeur-vegetal-1024x768.jpg 1024w, https:\/\/carinebossuyt.be\/wp-content\/uploads\/2025\/07\/coeur-vegetal-300x225.jpg 300w, https:\/\/carinebossuyt.be\/wp-content\/uploads\/2025\/07\/coeur-vegetal-768x576.jpg 768w, https:\/\/carinebossuyt.be\/wp-content\/uploads\/2025\/07\/coeur-vegetal-1536x1152.jpg 1536w, https:\/\/carinebossuyt.be\/wp-content\/uploads\/2025\/07\/coeur-vegetal-2048x1536.jpg 2048w\" sizes=\"(max-width: 800px) 100vw, 800px\" \/>\t\t\t\t\t\t\t\t\t\t\t\t\t\t\t<\/div>\n\t\t\t\t<\/div>\n\t\t\t\t\t<\/div>\n\t\t\t\t<\/div>\n\t\t\t\t<\/div>\n\t\t","protected":false},"excerpt":{"rendered":"<p>Contact : Carine Bossuyt Tel +32 (0)484 990 239 Je vous invite \u00e0 me contacter\u00a0par t\u00e9l\u00e9phone\u00a0pour toute information et prise de rendez-vous. Laissez-moi un message vocal si je suis indisponible. Je reviens vers vous d\u00e8s que possible. Un premier rendez-vous nous permettra de nous rencontrer et de clarifier votre demande. Nous organisons alors la fr\u00e9quence [&hellip;]<\/p>\n","protected":false},"author":1,"featured_media":0,"parent":0,"menu_order":0,"comment_status":"closed","ping_status":"closed","template":"","meta":{"footnotes":""},"class_list":["post-47","page","type-page","status-publish","hentry"],"yoast_head":"<!-- This site is optimized with the Yoast SEO plugin v27.4 - https:\/\/yoast.com\/product\/yoast-seo-wordpress\/ -->\n<title>Contact et liens - CarineBossuyt<\/title>\n<meta name=\"robots\" content=\"index, follow, max-snippet:-1, max-image-preview:large, max-video-preview:-1\" \/>\n<link rel=\"canonical\" href=\"https:\/\/carinebossuyt.be\/index.php\/contact-et-liens\/\" \/>\n<meta property=\"og:locale\" content=\"fr_FR\" \/>\n<meta property=\"og:type\" content=\"article\" \/>\n<meta property=\"og:title\" content=\"Contact et liens - CarineBossuyt\" \/>\n<meta property=\"og:description\" content=\"Contact : Carine Bossuyt Tel +32 (0)484 990 239 Je vous invite \u00e0 me contacter\u00a0par t\u00e9l\u00e9phone\u00a0pour toute information et prise de rendez-vous. Laissez-moi un message vocal si je suis indisponible. Je reviens vers vous d\u00e8s que possible. Un premier rendez-vous nous permettra de nous rencontrer et de clarifier votre demande. Nous organisons alors la fr\u00e9quence [&hellip;]\" \/>\n<meta property=\"og:url\" content=\"https:\/\/carinebossuyt.be\/index.php\/contact-et-liens\/\" \/>\n<meta property=\"og:site_name\" content=\"CarineBossuyt\" \/>\n<meta property=\"article:modified_time\" content=\"2026-01-07T19:54:20+00:00\" \/>\n<meta property=\"og:image\" content=\"https:\/\/carinebossuyt.be\/wp-content\/uploads\/2025\/07\/coeur-vegetal-scaled.jpg\" \/>\n\t<meta property=\"og:image:width\" content=\"2560\" \/>\n\t<meta property=\"og:image:height\" content=\"1920\" \/>\n\t<meta property=\"og:image:type\" content=\"image\/jpeg\" \/>\n<meta name=\"twitter:card\" content=\"summary_large_image\" \/>\n<meta name=\"twitter:label1\" content=\"Dur\u00e9e de lecture estim\u00e9e\" \/>\n\t<meta name=\"twitter:data1\" content=\"1 minute\" \/>\n<script type=\"application\/ld+json\" class=\"yoast-schema-graph\">{\"@context\":\"https:\\\/\\\/schema.org\",\"@graph\":[{\"@type\":\"WebPage\",\"@id\":\"https:\\\/\\\/carinebossuyt.be\\\/index.php\\\/contact-et-liens\\\/\",\"url\":\"https:\\\/\\\/carinebossuyt.be\\\/index.php\\\/contact-et-liens\\\/\",\"name\":\"Contact et liens - CarineBossuyt\",\"isPartOf\":{\"@id\":\"https:\\\/\\\/carinebossuyt.be\\\/#website\"},\"primaryImageOfPage\":{\"@id\":\"https:\\\/\\\/carinebossuyt.be\\\/index.php\\\/contact-et-liens\\\/#primaryimage\"},\"image\":{\"@id\":\"https:\\\/\\\/carinebossuyt.be\\\/index.php\\\/contact-et-liens\\\/#primaryimage\"},\"thumbnailUrl\":\"https:\\\/\\\/carinebossuyt.be\\\/wp-content\\\/uploads\\\/2025\\\/07\\\/coeur-vegetal-1024x768.jpg\",\"datePublished\":\"2025-08-04T19:31:02+00:00\",\"dateModified\":\"2026-01-07T19:54:20+00:00\",\"breadcrumb\":{\"@id\":\"https:\\\/\\\/carinebossuyt.be\\\/index.php\\\/contact-et-liens\\\/#breadcrumb\"},\"inLanguage\":\"fr-FR\",\"potentialAction\":[{\"@type\":\"ReadAction\",\"target\":[\"https:\\\/\\\/carinebossuyt.be\\\/index.php\\\/contact-et-liens\\\/\"]}]},{\"@type\":\"ImageObject\",\"inLanguage\":\"fr-FR\",\"@id\":\"https:\\\/\\\/carinebossuyt.be\\\/index.php\\\/contact-et-liens\\\/#primaryimage\",\"url\":\"https:\\\/\\\/carinebossuyt.be\\\/wp-content\\\/uploads\\\/2025\\\/07\\\/coeur-vegetal-scaled.jpg\",\"contentUrl\":\"https:\\\/\\\/carinebossuyt.be\\\/wp-content\\\/uploads\\\/2025\\\/07\\\/coeur-vegetal-scaled.jpg\",\"width\":2560,\"height\":1920},{\"@type\":\"BreadcrumbList\",\"@id\":\"https:\\\/\\\/carinebossuyt.be\\\/index.php\\\/contact-et-liens\\\/#breadcrumb\",\"itemListElement\":[{\"@type\":\"ListItem\",\"position\":1,\"name\":\"Accueil\",\"item\":\"https:\\\/\\\/carinebossuyt.be\\\/\"},{\"@type\":\"ListItem\",\"position\":2,\"name\":\"Contact et liens\"}]},{\"@type\":\"WebSite\",\"@id\":\"https:\\\/\\\/carinebossuyt.be\\\/#website\",\"url\":\"https:\\\/\\\/carinebossuyt.be\\\/\",\"name\":\"CarineBossuyt\",\"description\":\"\",\"potentialAction\":[{\"@type\":\"SearchAction\",\"target\":{\"@type\":\"EntryPoint\",\"urlTemplate\":\"https:\\\/\\\/carinebossuyt.be\\\/?s={search_term_string}\"},\"query-input\":{\"@type\":\"PropertyValueSpecification\",\"valueRequired\":true,\"valueName\":\"search_term_string\"}}],\"inLanguage\":\"fr-FR\"}]}<\/script>\n<!-- \/ Yoast SEO plugin. -->","yoast_head_json":{"title":"Contact et liens - CarineBossuyt","robots":{"index":"index","follow":"follow","max-snippet":"max-snippet:-1","max-image-preview":"max-image-preview:large","max-video-preview":"max-video-preview:-1"},"canonical":"https:\/\/carinebossuyt.be\/index.php\/contact-et-liens\/","og_locale":"fr_FR","og_type":"article","og_title":"Contact et liens - CarineBossuyt","og_description":"Contact : Carine Bossuyt Tel +32 (0)484 990 239 Je vous invite \u00e0 me contacter\u00a0par t\u00e9l\u00e9phone\u00a0pour toute information et prise de rendez-vous. Laissez-moi un message vocal si je suis indisponible. Je reviens vers vous d\u00e8s que possible. Un premier rendez-vous nous permettra de nous rencontrer et de clarifier votre demande. Nous organisons alors la fr\u00e9quence [&hellip;]","og_url":"https:\/\/carinebossuyt.be\/index.php\/contact-et-liens\/","og_site_name":"CarineBossuyt","article_modified_time":"2026-01-07T19:54:20+00:00","og_image":[{"width":2560,"height":1920,"url":"https:\/\/carinebossuyt.be\/wp-content\/uploads\/2025\/07\/coeur-vegetal-scaled.jpg","type":"image\/jpeg"}],"twitter_card":"summary_large_image","twitter_misc":{"Dur\u00e9e de lecture estim\u00e9e":"1 minute"},"schema":{"@context":"https:\/\/schema.org","@graph":[{"@type":"WebPage","@id":"https:\/\/carinebossuyt.be\/index.php\/contact-et-liens\/","url":"https:\/\/carinebossuyt.be\/index.php\/contact-et-liens\/","name":"Contact et liens - CarineBossuyt","isPartOf":{"@id":"https:\/\/carinebossuyt.be\/#website"},"primaryImageOfPage":{"@id":"https:\/\/carinebossuyt.be\/index.php\/contact-et-liens\/#primaryimage"},"image":{"@id":"https:\/\/carinebossuyt.be\/index.php\/contact-et-liens\/#primaryimage"},"thumbnailUrl":"https:\/\/carinebossuyt.be\/wp-content\/uploads\/2025\/07\/coeur-vegetal-1024x768.jpg","datePublished":"2025-08-04T19:31:02+00:00","dateModified":"2026-01-07T19:54:20+00:00","breadcrumb":{"@id":"https:\/\/carinebossuyt.be\/index.php\/contact-et-liens\/#breadcrumb"},"inLanguage":"fr-FR","potentialAction":[{"@type":"ReadAction","target":["https:\/\/carinebossuyt.be\/index.php\/contact-et-liens\/"]}]},{"@type":"ImageObject","inLanguage":"fr-FR","@id":"https:\/\/carinebossuyt.be\/index.php\/contact-et-liens\/#primaryimage","url":"https:\/\/carinebossuyt.be\/wp-content\/uploads\/2025\/07\/coeur-vegetal-scaled.jpg","contentUrl":"https:\/\/carinebossuyt.be\/wp-content\/uploads\/2025\/07\/coeur-vegetal-scaled.jpg","width":2560,"height":1920},{"@type":"BreadcrumbList","@id":"https:\/\/carinebossuyt.be\/index.php\/contact-et-liens\/#breadcrumb","itemListElement":[{"@type":"ListItem","position":1,"name":"Accueil","item":"https:\/\/carinebossuyt.be\/"},{"@type":"ListItem","position":2,"name":"Contact et liens"}]},{"@type":"WebSite","@id":"https:\/\/carinebossuyt.be\/#website","url":"https:\/\/carinebossuyt.be\/","name":"CarineBossuyt","description":"","potentialAction":[{"@type":"SearchAction","target":{"@type":"EntryPoint","urlTemplate":"https:\/\/carinebossuyt.be\/?s={search_term_string}"},"query-input":{"@type":"PropertyValueSpecification","valueRequired":true,"valueName":"search_term_string"}}],"inLanguage":"fr-FR"}]}},"_links":{"self":[{"href":"https:\/\/carinebossuyt.be\/index.php\/wp-json\/wp\/v2\/pages\/47","targetHints":{"allow":["GET"]}}],"collection":[{"href":"https:\/\/carinebossuyt.be\/index.php\/wp-json\/wp\/v2\/pages"}],"about":[{"href":"https:\/\/carinebossuyt.be\/index.php\/wp-json\/wp\/v2\/types\/page"}],"author":[{"embeddable":true,"href":"https:\/\/carinebossuyt.be\/index.php\/wp-json\/wp\/v2\/users\/1"}],"replies":[{"embeddable":true,"href":"https:\/\/carinebossuyt.be\/index.php\/wp-json\/wp\/v2\/comments?post=47"}],"version-history":[{"count":37,"href":"https:\/\/carinebossuyt.be\/index.php\/wp-json\/wp\/v2\/pages\/47\/revisions"}],"predecessor-version":[{"id":466,"href":"https:\/\/carinebossuyt.be\/index.php\/wp-json\/wp\/v2\/pages\/47\/revisions\/466"}],"wp:attachment":[{"href":"https:\/\/carinebossuyt.be\/index.php\/wp-json\/wp\/v2\/media?parent=47"}],"curies":[{"name":"wp","href":"https:\/\/api.w.org\/{rel}","templated":true}]}}